{"id":6940,"date":"2016-07-07T09:58:42","date_gmt":"2016-07-07T15:58:42","guid":{"rendered":"http:\/\/www.dezibel.com.mx\/?page_id=6940"},"modified":"2016-09-08T14:34:37","modified_gmt":"2016-09-08T20:34:37","slug":"bodas-tematica-vintage","status":"publish","type":"page","link":"http:\/\/www.dezibel.com.mx\/espanol\/bodas-tematica-vintage\/","title":{"rendered":"Bodas con Tem\u00e1tica Vintage"},"content":{"rendered":"<\/div><\/section><section class=\"blox    \" style=\" padding-top:px; padding-bottom:px; background-size: cover; min-height:500px;  background-color:#efefef;\"><div class=\"max-overlay\" style=\"background-color:#ffffff\"><\/div><div class=\"wpb_row vc_row-fluid full-row\"><div class=\"container\">\n\t<div class=\"vc_col-sm-12 wpb_column vc_column_container \">\n\t\t<div class=\"wpb_wrapper\">\n\t\t\t<hr class=\"vertical-space1\"><div class=\"sec-divider\"><div class=\"cir li_heart\" style=\" color:#000000;\"><\/div><\/div>\n\t\t<\/div> \n\t<\/div> \n\n\t<div class=\"vc_col-sm-8 wpb_column vc_column_container \">\n\t\t<div class=\"wpb_wrapper\">\n\t\t\t<hr class=\"vertical-space4\"><hr class=\"vertical-space2\"><div class=\"wpb_images_carousel wpb_content_element vc_clearfix\">\n\t<div class=\"wpb_wrapper\">\n\t\t\t\t<div id=\"vc_images-carousel-1-1776432985\" data-ride=\"vc_carousel\"\n\t\t\t data-wrap=\"true\" style=\"width: 700px;\"\n\t\t\t data-interval=\"0\" data-auto-height=\"yes\"\n\t\t\t data-mode=\"horizontal\" data-partial=\"false\"\n\t\t\t data-per-view=\"1\"\n\t\t\t data-hide-on-end=\"true\" class=\"vc_slide vc_images_carousel\">\n\t\t\t\t\t\t<!-- Wrapper for slides -->\n\t\t\t<div class=\"vc_carousel-inner\">\n\t\t\t\t<div class=\"vc_carousel-slideline\">\n\t\t\t\t\t<div class=\"vc_carousel-slideline-inner\">\n\t\t\t\t\t\t\t\t\t\t\t\t\t\t\t\t\t\t<div class=\"vc_item\">\n\t\t\t\t\t\t\t<div class=\"vc_inner\">\n\t\t\t\t\t\t\t\t\t\t\t\t\t\t\t\t\t\t\t\t\t\t\t\t<a class=\"prettyphoto\"\n\t\t\t\t\t\t\t\t   href=\"http:\/\/www.dezibel.com.mx\/espanol\/wp-content\/uploads\/2016\/07\/Wedding-cancun-Planners-Vintage-Forniture-Table-and-Chair-Vintage-vintage-decor-at-the-beach-149-1024x683.jpg\"  rel=\"prettyPhoto[rel-6940-1163668686]\">\n\t\t\t\t\t\t\t\t\t<img class=\"\" src=\"http:\/\/www.dezibel.com.mx\/espanol\/wp-content\/uploads\/2016\/07\/Wedding-cancun-Planners-Vintage-Forniture-Table-and-Chair-Vintage-vintage-decor-at-the-beach-149-700x500.jpg\" width=\"700\" height=\"500\" alt=\"vintage-wedding-cancun-planners-vintage-forniture-table-and-chair-vintage-vintage-decor-at-the-beach\" title=\"wedding-cancun-planners-vintage-forniture-table-and-chair-vintage-vintage-decor-at-the-beach-149\" \/>\t\t\t\t\t\t\t\t<\/a>\n\t\t\t\t\t\t\t\t\t\t\t\t\t\t\t<\/div>\n\t\t\t\t\t\t<\/div>\n\t\t\t\t\t\t\t\t\t\t\t\t\t\t\t\t\t\t<div class=\"vc_item\">\n\t\t\t\t\t\t\t<div class=\"vc_inner\">\n\t\t\t\t\t\t\t\t\t\t\t\t\t\t\t\t\t\t\t\t\t\t\t\t<a class=\"prettyphoto\"\n\t\t\t\t\t\t\t\t   href=\"http:\/\/www.dezibel.com.mx\/espanol\/wp-content\/uploads\/2016\/07\/General-Table-Cancun-Beach-wedding-11.jpg\"  rel=\"prettyPhoto[rel-6940-1163668686]\">\n\t\t\t\t\t\t\t\t\t<img class=\"\" src=\"http:\/\/www.dezibel.com.mx\/espanol\/wp-content\/uploads\/2016\/07\/General-Table-Cancun-Beach-wedding-11-700x500.jpg\" width=\"700\" height=\"500\" alt=\"vintage-wedding-cancun-planners-vintage-forniture-table-and-chair-vintage-vintage-decor-at-the-beach\" title=\"general-table-cancun-beach-wedding-11\" \/>\t\t\t\t\t\t\t\t<\/a>\n\t\t\t\t\t\t\t\t\t\t\t\t\t\t\t<\/div>\n\t\t\t\t\t\t<\/div>\n\t\t\t\t\t\t\t\t\t\t\t\t\t\t\t\t\t\t<div class=\"vc_item\">\n\t\t\t\t\t\t\t<div class=\"vc_inner\">\n\t\t\t\t\t\t\t\t\t\t\t\t\t\t\t\t\t\t\t\t\t\t\t\t<a class=\"prettyphoto\"\n\t\t\t\t\t\t\t\t   href=\"http:\/\/www.dezibel.com.mx\/espanol\/wp-content\/uploads\/2016\/07\/windows-vintage-wedding-and-events-1024x683.jpg\"  rel=\"prettyPhoto[rel-6940-1163668686]\">\n\t\t\t\t\t\t\t\t\t<img class=\"\" src=\"http:\/\/www.dezibel.com.mx\/espanol\/wp-content\/uploads\/2016\/07\/windows-vintage-wedding-and-events-700x500.jpg\" width=\"700\" height=\"500\" alt=\"vintage-wedding-cancun-planners-vintage-forniture-table-and-chair-vintage-vintage-decor-at-the-beach\" title=\"windows-vintage-wedding-and-events\" \/>\t\t\t\t\t\t\t\t<\/a>\n\t\t\t\t\t\t\t\t\t\t\t\t\t\t\t<\/div>\n\t\t\t\t\t\t<\/div>\n\t\t\t\t\t\t\t\t\t\t\t\t\t\t\t\t\t\t<div class=\"vc_item\">\n\t\t\t\t\t\t\t<div class=\"vc_inner\">\n\t\t\t\t\t\t\t\t\t\t\t\t\t\t\t\t\t\t\t\t\t\t\t\t<a class=\"prettyphoto\"\n\t\t\t\t\t\t\t\t   href=\"http:\/\/www.dezibel.com.mx\/espanol\/wp-content\/uploads\/2016\/07\/Vintage-Table-Cancun-and-Riviera-Weddings-11.jpg\"  rel=\"prettyPhoto[rel-6940-1163668686]\">\n\t\t\t\t\t\t\t\t\t<img class=\"\" src=\"http:\/\/www.dezibel.com.mx\/espanol\/wp-content\/uploads\/2016\/07\/Vintage-Table-Cancun-and-Riviera-Weddings-11-700x500.jpg\" width=\"700\" height=\"500\" alt=\"vintage-wedding-cancun-planners-vintage-forniture-table-and-chair-vintage-vintage-decor-at-the-beach\" title=\"vintage-table-cancun-and-riviera-weddings-11\" \/>\t\t\t\t\t\t\t\t<\/a>\n\t\t\t\t\t\t\t\t\t\t\t\t\t\t\t<\/div>\n\t\t\t\t\t\t<\/div>\n\t\t\t\t\t\t\t\t\t\t\t\t\t\t\t\t\t\t<div class=\"vc_item\">\n\t\t\t\t\t\t\t<div class=\"vc_inner\">\n\t\t\t\t\t\t\t\t\t\t\t\t\t\t\t\t\t\t\t\t\t\t\t\t<a class=\"prettyphoto\"\n\t\t\t\t\t\t\t\t   href=\"http:\/\/www.dezibel.com.mx\/espanol\/wp-content\/uploads\/2016\/07\/Bautizo-Mateo-Zona-hotelera-cancun-180-1024x683.jpg\"  rel=\"prettyPhoto[rel-6940-1163668686]\">\n\t\t\t\t\t\t\t\t\t<img class=\"\" src=\"http:\/\/www.dezibel.com.mx\/espanol\/wp-content\/uploads\/2016\/07\/Bautizo-Mateo-Zona-hotelera-cancun-180-700x500.jpg\" width=\"700\" height=\"500\" alt=\"bautizo-mateo-zona-hotelera-cancun-180\" title=\"bautizo-mateo-zona-hotelera-cancun-180\" \/>\t\t\t\t\t\t\t\t<\/a>\n\t\t\t\t\t\t\t\t\t\t\t\t\t\t\t<\/div>\n\t\t\t\t\t\t<\/div>\n\t\t\t\t\t\t\t\t\t\t\t\t\t\t\t\t\t\t<div class=\"vc_item\">\n\t\t\t\t\t\t\t<div class=\"vc_inner\">\n\t\t\t\t\t\t\t\t\t\t\t\t\t\t\t\t\t\t\t\t\t\t\t\t<a class=\"prettyphoto\"\n\t\t\t\t\t\t\t\t   href=\"http:\/\/www.dezibel.com.mx\/espanol\/wp-content\/uploads\/2016\/07\/Tables-deluxe-furniture-for-weddings-32.jpg\"  rel=\"prettyPhoto[rel-6940-1163668686]\">\n\t\t\t\t\t\t\t\t\t<img class=\"\" src=\"http:\/\/www.dezibel.com.mx\/espanol\/wp-content\/uploads\/2016\/07\/Tables-deluxe-furniture-for-weddings-32-700x500.jpg\" width=\"700\" height=\"500\" alt=\"vintage-wedding-cancun-planners-vintage-forniture-table-and-chair-vintage-vintage-decor-at-the-beach\" title=\"tables-deluxe-furniture-for-weddings-32\" \/>\t\t\t\t\t\t\t\t<\/a>\n\t\t\t\t\t\t\t\t\t\t\t\t\t\t\t<\/div>\n\t\t\t\t\t\t<\/div>\n\t\t\t\t\t\t\t\t\t\t\t\t\t\t\t\t\t\t<div class=\"vc_item\">\n\t\t\t\t\t\t\t<div class=\"vc_inner\">\n\t\t\t\t\t\t\t\t\t\t\t\t\t\t\t\t\t\t\t\t\t\t\t\t<a class=\"prettyphoto\"\n\t\t\t\t\t\t\t\t   href=\"http:\/\/www.dezibel.com.mx\/espanol\/wp-content\/uploads\/2016\/07\/Wedding-cancun-Planners-Furniture-for-events-table-set-up-with-flowers-82-1024x768.jpg\"  rel=\"prettyPhoto[rel-6940-1163668686]\">\n\t\t\t\t\t\t\t\t\t<img class=\"\" src=\"http:\/\/www.dezibel.com.mx\/espanol\/wp-content\/uploads\/2016\/07\/Wedding-cancun-Planners-Furniture-for-events-table-set-up-with-flowers-82-700x500.jpg\" width=\"700\" height=\"500\" alt=\"vintage-wedding-cancun-planners-vintage-forniture-table-and-chair-vintage-vintage-decor-at-the-beach\" title=\"wedding-cancun-planners-furniture-for-events-table-set-up-with-flowers-82\" \/>\t\t\t\t\t\t\t\t<\/a>\n\t\t\t\t\t\t\t\t\t\t\t\t\t\t\t<\/div>\n\t\t\t\t\t\t<\/div>\n\t\t\t\t\t\t\t\t\t\t\t\t\t\t\t\t\t\t<div class=\"vc_item\">\n\t\t\t\t\t\t\t<div class=\"vc_inner\">\n\t\t\t\t\t\t\t\t\t\t\t\t\t\t\t\t\t\t\t\t\t\t\t\t<a class=\"prettyphoto\"\n\t\t\t\t\t\t\t\t   href=\"http:\/\/www.dezibel.com.mx\/espanol\/wp-content\/uploads\/2016\/07\/wedding-chairs-11-1024x680.jpg\"  rel=\"prettyPhoto[rel-6940-1163668686]\">\n\t\t\t\t\t\t\t\t\t<img class=\"\" src=\"http:\/\/www.dezibel.com.mx\/espanol\/wp-content\/uploads\/2016\/07\/wedding-chairs-11-700x500.jpg\" width=\"700\" height=\"500\" alt=\"vintage-wedding-cancun-planners-vintage-forniture-table-and-chair-vintage-vintage-decor-at-the-beach\" title=\"SONY DSC\" \/>\t\t\t\t\t\t\t\t<\/a>\n\t\t\t\t\t\t\t\t\t\t\t\t\t\t\t<\/div>\n\t\t\t\t\t\t<\/div>\n\t\t\t\t\t\t\t\t\t\t\t\t\t\t\t\t\t\t<div class=\"vc_item\">\n\t\t\t\t\t\t\t<div class=\"vc_inner\">\n\t\t\t\t\t\t\t\t\t\t\t\t\t\t\t\t\t\t\t\t\t\t\t\t<a class=\"prettyphoto\"\n\t\t\t\t\t\t\t\t   href=\"http:\/\/www.dezibel.com.mx\/espanol\/wp-content\/uploads\/2016\/07\/centerpieces-destination-wedding-11-1024x683.jpg\"  rel=\"prettyPhoto[rel-6940-1163668686]\">\n\t\t\t\t\t\t\t\t\t<img class=\"\" src=\"http:\/\/www.dezibel.com.mx\/espanol\/wp-content\/uploads\/2016\/07\/centerpieces-destination-wedding-11-700x500.jpg\" width=\"700\" height=\"500\" alt=\"vintage-wedding-cancun-planners-vintage-forniture-table-and-chair-vintage-vintage-decor-at-the-beach\" title=\"centerpieces-destination-wedding-11\" \/>\t\t\t\t\t\t\t\t<\/a>\n\t\t\t\t\t\t\t\t\t\t\t\t\t\t\t<\/div>\n\t\t\t\t\t\t<\/div>\n\t\t\t\t\t\t\t\t\t\t\t\t\t\t\t\t\t\t<div class=\"vc_item\">\n\t\t\t\t\t\t\t<div class=\"vc_inner\">\n\t\t\t\t\t\t\t\t\t\t\t\t\t\t\t\t\t\t\t\t\t\t\t\t<a class=\"prettyphoto\"\n\t\t\t\t\t\t\t\t   href=\"http:\/\/www.dezibel.com.mx\/espanol\/wp-content\/uploads\/2016\/07\/birdcage-vintage-wedding-centerpieces5.jpg\"  rel=\"prettyPhoto[rel-6940-1163668686]\">\n\t\t\t\t\t\t\t\t\t<img class=\"\" src=\"http:\/\/www.dezibel.com.mx\/espanol\/wp-content\/uploads\/2016\/07\/birdcage-vintage-wedding-centerpieces5.jpg\" width=\"600\" height=\"404\" alt=\"vintage-wedding-cancun-planners-vintage-forniture-table-and-chair-vintage-vintage-decor-at-the-beach\" title=\"birdcage-vintage-wedding-centerpieces5\" \/>\t\t\t\t\t\t\t\t<\/a>\n\t\t\t\t\t\t\t\t\t\t\t\t\t\t\t<\/div>\n\t\t\t\t\t\t<\/div>\n\t\t\t\t\t\t\t\t\t\t\t\t\t\t\t\t\t\t<div class=\"vc_item\">\n\t\t\t\t\t\t\t<div class=\"vc_inner\">\n\t\t\t\t\t\t\t\t\t\t\t\t\t\t\t\t\t\t\t\t\t\t\t\t<a class=\"prettyphoto\"\n\t\t\t\t\t\t\t\t   href=\"http:\/\/www.dezibel.com.mx\/espanol\/wp-content\/uploads\/2016\/07\/birdcage-wedding-centerpiece.jpg\"  rel=\"prettyPhoto[rel-6940-1163668686]\">\n\t\t\t\t\t\t\t\t\t<img class=\"\" src=\"http:\/\/www.dezibel.com.mx\/espanol\/wp-content\/uploads\/2016\/07\/birdcage-wedding-centerpiece.jpg\" width=\"400\" height=\"441\" alt=\"vintage-wedding-cancun-planners-vintage-forniture-table-and-chair-vintage-vintage-decor-at-the-beach\" title=\"birdcage-wedding-centerpiece\" \/>\t\t\t\t\t\t\t\t<\/a>\n\t\t\t\t\t\t\t\t\t\t\t\t\t\t\t<\/div>\n\t\t\t\t\t\t<\/div>\n\t\t\t\t\t\t\t\t\t\t\t\t\t\t\t\t\t\t<div class=\"vc_item\">\n\t\t\t\t\t\t\t<div class=\"vc_inner\">\n\t\t\t\t\t\t\t\t\t\t\t\t\t\t\t\t\t\t\t\t\t\t\t\t<a class=\"prettyphoto\"\n\t\t\t\t\t\t\t\t   href=\"http:\/\/www.dezibel.com.mx\/espanol\/wp-content\/uploads\/2016\/07\/Captura-de-pantalla-2016-01-23-a-las-11.28.38-a.m.jpg\"  rel=\"prettyPhoto[rel-6940-1163668686]\">\n\t\t\t\t\t\t\t\t\t<img class=\"\" src=\"http:\/\/www.dezibel.com.mx\/espanol\/wp-content\/uploads\/2016\/07\/Captura-de-pantalla-2016-01-23-a-las-11.28.38-a.m-556x500.jpg\" width=\"556\" height=\"500\" alt=\"vintage-wedding-cancun-planners-vintage-forniture-table-and-chair-vintage-vintage-decor-at-the-beach\" title=\"captura-de-pantalla-2016-01-23-a-las-11-28-38-a-m\" \/>\t\t\t\t\t\t\t\t<\/a>\n\t\t\t\t\t\t\t\t\t\t\t\t\t\t\t<\/div>\n\t\t\t\t\t\t<\/div>\n\t\t\t\t\t\t\t\t\t\t\t\t\t\t\t\t\t\t<div class=\"vc_item\">\n\t\t\t\t\t\t\t<div class=\"vc_inner\">\n\t\t\t\t\t\t\t\t\t\t\t\t\t\t\t\t\t\t\t\t\t\t\t\t<a class=\"prettyphoto\"\n\t\t\t\t\t\t\t\t   href=\"http:\/\/www.dezibel.com.mx\/espanol\/wp-content\/uploads\/2016\/07\/Wedding-cancun-Planners-vintage-themed-bridal-outdoor-vintage-198-1024x683.jpg\"  rel=\"prettyPhoto[rel-6940-1163668686]\">\n\t\t\t\t\t\t\t\t\t<img class=\"\" src=\"http:\/\/www.dezibel.com.mx\/espanol\/wp-content\/uploads\/2016\/07\/Wedding-cancun-Planners-vintage-themed-bridal-outdoor-vintage-198-700x500.jpg\" width=\"700\" height=\"500\" alt=\"wedding-cancun-planners-vintage-themed-bridal-outdoor-vintage-198\" title=\"wedding-cancun-planners-vintage-themed-bridal-outdoor-vintage-198\" \/>\t\t\t\t\t\t\t\t<\/a>\n\t\t\t\t\t\t\t\t\t\t\t\t\t\t\t<\/div>\n\t\t\t\t\t\t<\/div>\n\t\t\t\t\t\t\t\t\t\t\t\t\t\t\t\t\t\t<div class=\"vc_item\">\n\t\t\t\t\t\t\t<div class=\"vc_inner\">\n\t\t\t\t\t\t\t\t\t\t\t\t\t\t\t\t\t\t\t\t\t\t\t\t<a class=\"prettyphoto\"\n\t\t\t\t\t\t\t\t   href=\"http:\/\/www.dezibel.com.mx\/espanol\/wp-content\/uploads\/2016\/07\/Captura-de-pantalla-2016-01-23-a-las-10.42.14-a.m.jpg\"  rel=\"prettyPhoto[rel-6940-1163668686]\">\n\t\t\t\t\t\t\t\t\t<img class=\"\" src=\"http:\/\/www.dezibel.com.mx\/espanol\/wp-content\/uploads\/2016\/07\/Captura-de-pantalla-2016-01-23-a-las-10.42.14-a.m-510x500.jpg\" width=\"510\" height=\"500\" alt=\"captura-de-pantalla-2016-01-23-a-las-10-42-14-a-m\" title=\"captura-de-pantalla-2016-01-23-a-las-10-42-14-a-m\" \/>\t\t\t\t\t\t\t\t<\/a>\n\t\t\t\t\t\t\t\t\t\t\t\t\t\t\t<\/div>\n\t\t\t\t\t\t<\/div>\n\t\t\t\t\t\t\t\t\t\t\t<\/div>\n\t\t\t\t<\/div>\n\t\t\t<\/div>\n\t\t\t\t\t\t<!-- Controls -->\n\t\t\t<a class=\"vc_left vc_carousel-control\" href=\"#vc_images-carousel-1-1776432985\" data-slide=\"prev\">\n\t\t\t\t<span class=\"icon-prev\"><\/span>\n\t\t\t<\/a>\n\t\t\t<a class=\"vc_right vc_carousel-control\" href=\"#vc_images-carousel-1-1776432985\" data-slide=\"next\">\n\t\t\t\t<span class=\"icon-next\"><\/span>\n\t\t\t<\/a>\n\t\t\t\t\t<\/div>\n\t<\/div><\/div><hr class=\"vertical-space2\">\n\t\t<\/div> \n\t<\/div> \n\n\t<div class=\"vc_col-sm-4 Aligncenter wpb_column vc_column_container \">\n\t\t<div class=\"wpb_wrapper\">\n\t\t\t<hr class=\"vertical-space1\"><section class=\"wpb_row vc_row-fluid\">\n\t<div class=\"vc_col-sm-4 wpb_column vc_column_container \">\n\t\t<div class=\"wpb_wrapper\">\n\t\t\t<div class=\"fb_like wpb_content_element fb_type_button_count\"><iframe src=\"http:\/\/www.facebook.com\/plugins\/like.php?href=http:\/\/www.dezibel.com.mx\/espanol\/bodas-tematica-vintage\/&amp;layout=button_count&amp;show_faces=false&amp;action=like&amp;colorscheme=light\" scrolling=\"no\" frameborder=\"0\" allowTransparency=\"true\"><\/iframe><\/div>\n\n\t\t<\/div> \n\t<\/div> \n\n\t<div class=\"vc_col-sm-4 wpb_column vc_column_container \">\n\t\t<div class=\"wpb_wrapper\">\n\t\t\t<a href=\"http:\/\/twitter.com\/share\" class=\"twitter-share-button\" data-count=\"horizontal\">Tweet<\/a><script type=\"text\/javascript\" src=\"http:\/\/platform.twitter.com\/widgets.js\"><\/script>\n\n\t\t<\/div> \n\t<\/div> \n\n\t<div class=\"vc_col-sm-4 wpb_column vc_column_container \">\n\t\t<div class=\"wpb_wrapper\">\n\t\t\t<div class=\"wpb_googleplus wpb_content_element wpb_googleplus_type_standard\"><g:plusone annotation=\"inline\"><\/g:plusone><\/div>\n\n\t\t<\/div> \n\t<\/div> \n<\/section><hr class=\"vertical-space1\">\n\t<div class=\"wpb_text_column wpb_content_element \">\n\t\t<div class=\"wpb_wrapper\">\n\t\t\t<h2 style=\"text-align: left;\"><span style=\"color: #000000;\">Bodas con Tem\u00e1tica Vintage<\/span><\/h2>\n<p>El tema Vintage es una tematica muy hermosa es por eso que es una de las favoritas de las novias. El tema Vintage no es viejo, \u00a0al contrario,es rom\u00e1ntica, nost\u00e1lgica y muy bonita!<\/p>\n<p>Decorar su lugar con detalles r\u00fasticos y cl\u00e1sicos tales como jaulas de p\u00e1jaros y en parte reflejar un aspecto tradicional de \u00e9poca o ser creativo y crear sus propias decoraciones elegantes de anta\u00f1o. Utilice centros de mesa con jaulas de p\u00e1jaros preciosos o regaderas llenas de flores hermosas otra opcion es\u00a0colocar telares en toda su locaci\u00f3n.<\/p>\n<p>Con tonos suaves en las flores de seda de su ramo, es una manera perfecta para reflejar tema vintage en su d\u00eda especial.<\/p>\n\n\t\t<\/div> \n\t<\/div> <hr class=\"vertical-space3\"><section class=\"wpb_row vc_row-fluid\">\n\t<div class=\"vc_col-sm-3 wpb_column vc_column_container \">\n\t\t<div class=\"wpb_wrapper\">\n\t\t\t\n\n\t\t<\/div> \n\t<\/div> \n\n\t<div class=\"vc_col-sm-6 wpb_column vc_column_container \">\n\t\t<div class=\"wpb_wrapper\">\n\t\t\t<a class=\"wpb_button_a\" title=\"\u00a1Organicemos mi Boda!\" href=\"http:\/\/www.dezibel.com.mx\/contact\/\"><span class=\"wpb_button  wpb_btn-warning wpb_btn-large\">\u00a1Organicemos mi Boda!<\/span><\/a>\n\n\t\t<\/div> \n\t<\/div> \n\n\t<div class=\"vc_col-sm-3 wpb_column vc_column_container \">\n\t\t<div class=\"wpb_wrapper\">\n\t\t\t\n\n\t\t<\/div> \n\t<\/div> \n<\/section>\n\t\t<\/div> \n\t<\/div> \n<\/div><\/div><\/section><section class=\"container\"><div class=\"row-wrapper-x\"><section class=\"wpb_row vc_row-fluid\">\n\t<div class=\"vc_col-sm-12 wpb_column vc_column_container \">\n\t\t<div class=\"wpb_wrapper\">\n\t\t\t<hr class=\"vertical-space1\"><div class=\"sec-divider\"><div class=\"cir li_heart\" style=\" color:#000000;\"><\/div><\/div>\n\t\t<\/div> \n\t<\/div> \n<\/section>\n","protected":false},"excerpt":{"rendered":"Tweet Bodas con Tem\u00e1tica Vintage El tema Vintage es una tematica muy hermosa es por eso que es una de las favoritas de las novias. El tema Vintage no es viejo, \u00a0al contrario,es rom\u00e1ntica, nost\u00e1lgica y muy bonita! Decorar su lugar... <br><br><a class=\"readmore\" href=\"http:\/\/www.dezibel.com.mx\/espanol\/bodas-tematica-vintage\/\">Read More<\/a>","protected":false},"author":1,"featured_media":0,"parent":0,"menu_order":0,"comment_status":"closed","ping_status":"closed","template":"","meta":[],"_links":{"self":[{"href":"http:\/\/www.dezibel.com.mx\/espanol\/wp-json\/wp\/v2\/pages\/6940"}],"collection":[{"href":"http:\/\/www.dezibel.com.mx\/espanol\/wp-json\/wp\/v2\/pages"}],"about":[{"href":"http:\/\/www.dezibel.com.mx\/espanol\/wp-json\/wp\/v2\/types\/page"}],"author":[{"embeddable":true,"href":"http:\/\/www.dezibel.com.mx\/espanol\/wp-json\/wp\/v2\/users\/1"}],"replies":[{"embeddable":true,"href":"http:\/\/www.dezibel.com.mx\/espanol\/wp-json\/wp\/v2\/comments?post=6940"}],"version-history":[{"count":4,"href":"http:\/\/www.dezibel.com.mx\/espanol\/wp-json\/wp\/v2\/pages\/6940\/revisions"}],"predecessor-version":[{"id":8182,"href":"http:\/\/www.dezibel.com.mx\/espanol\/wp-json\/wp\/v2\/pages\/6940\/revisions\/8182"}],"wp:attachment":[{"href":"http:\/\/www.dezibel.com.mx\/espanol\/wp-json\/wp\/v2\/media?parent=6940"}],"curies":[{"name":"wp","href":"https:\/\/api.w.org\/{rel}","templated":true}]}}