{"id":6615,"date":"2016-01-08T16:44:49","date_gmt":"2016-01-08T22:44:49","guid":{"rendered":"http:\/\/www.dezibel.com.mx\/?page_id=6615"},"modified":"2016-09-01T12:17:37","modified_gmt":"2016-09-01T18:17:37","slug":"telares","status":"publish","type":"page","link":"http:\/\/www.dezibel.com.mx\/espanol\/telares\/","title":{"rendered":"Telares | Decoraci\u00f3n"},"content":{"rendered":"<\/div><\/section><section class=\"blox    \" style=\" padding-top:px; padding-bottom:px; background-size: cover; min-height:500px;  background-color:#efefef;\"><div class=\"max-overlay\" style=\"background-color:#ffffff\"><\/div><div class=\"wpb_row vc_row-fluid full-row\"><div class=\"container\">\n\t<div class=\"vc_col-sm-12 wpb_column vc_column_container \">\n\t\t<div class=\"wpb_wrapper\">\n\t\t\t<hr class=\"vertical-space1\"><div class=\"sec-divider\"><div class=\"cir li_heart\" style=\" color:#000000;\"><\/div><\/div>\n\t\t<\/div> \n\t<\/div> \n\n\t<div class=\"vc_col-sm-8 wpb_column vc_column_container \">\n\t\t<div class=\"wpb_wrapper\">\n\t\t\t<hr class=\"vertical-space4\"><div class=\"wpb_images_carousel wpb_content_element vc_clearfix\">\n\t<div class=\"wpb_wrapper\">\n\t\t\t\t<div id=\"vc_images-carousel-1-1776772005\" data-ride=\"vc_carousel\"\n\t\t\t data-wrap=\"true\" style=\"width: 700px;\"\n\t\t\t data-interval=\"0\" data-auto-height=\"yes\"\n\t\t\t data-mode=\"horizontal\" data-partial=\"false\"\n\t\t\t data-per-view=\"1\"\n\t\t\t data-hide-on-end=\"true\" class=\"vc_slide vc_images_carousel\">\n\t\t\t\t\t\t<!-- Wrapper for slides -->\n\t\t\t<div class=\"vc_carousel-inner\">\n\t\t\t\t<div class=\"vc_carousel-slideline\">\n\t\t\t\t\t<div class=\"vc_carousel-slideline-inner\">\n\t\t\t\t\t\t\t\t\t\t\t\t\t\t\t\t\t\t<div class=\"vc_item\">\n\t\t\t\t\t\t\t<div class=\"vc_inner\">\n\t\t\t\t\t\t\t\t\t\t\t\t\t\t\t\t\t\t\t\t\t\t\t\t<a class=\"prettyphoto\"\n\t\t\t\t\t\t\t\t   href=\"http:\/\/www.dezibel.com.mx\/espanol\/wp-content\/uploads\/2016\/01\/wedding-chairs-39-1024x683.jpg\"  rel=\"prettyPhoto[rel-6615-431226948]\">\n\t\t\t\t\t\t\t\t\t<img class=\"\" src=\"http:\/\/www.dezibel.com.mx\/espanol\/wp-content\/uploads\/2016\/01\/wedding-chairs-39-700x500.jpg\" width=\"700\" height=\"500\" alt=\"ceiling-drapes-decor-wedding\" title=\"wedding-chairs-39\" \/>\t\t\t\t\t\t\t\t<\/a>\n\t\t\t\t\t\t\t\t\t\t\t\t\t\t\t<\/div>\n\t\t\t\t\t\t<\/div>\n\t\t\t\t\t\t\t\t\t\t\t\t\t\t\t\t\t\t<div class=\"vc_item\">\n\t\t\t\t\t\t\t<div class=\"vc_inner\">\n\t\t\t\t\t\t\t\t\t\t\t\t\t\t\t\t\t\t\t\t\t\t\t\t<a class=\"prettyphoto\"\n\t\t\t\t\t\t\t\t   href=\"http:\/\/www.dezibel.com.mx\/espanol\/wp-content\/uploads\/2016\/01\/wedding-chairs-134-832x1024.jpg\"  rel=\"prettyPhoto[rel-6615-431226948]\">\n\t\t\t\t\t\t\t\t\t<img class=\"\" src=\"http:\/\/www.dezibel.com.mx\/espanol\/wp-content\/uploads\/2016\/01\/wedding-chairs-134-700x500.jpg\" width=\"700\" height=\"500\" alt=\"ceiling-drapes-decor-wedding\" title=\"wedding-chairs-134\" \/>\t\t\t\t\t\t\t\t<\/a>\n\t\t\t\t\t\t\t\t\t\t\t\t\t\t\t<\/div>\n\t\t\t\t\t\t<\/div>\n\t\t\t\t\t\t\t\t\t\t\t\t\t\t\t\t\t\t<div class=\"vc_item\">\n\t\t\t\t\t\t\t<div class=\"vc_inner\">\n\t\t\t\t\t\t\t\t\t\t\t\t\t\t\t\t\t\t\t\t\t\t\t\t<a class=\"prettyphoto\"\n\t\t\t\t\t\t\t\t   href=\"http:\/\/www.dezibel.com.mx\/espanol\/wp-content\/uploads\/2016\/01\/wedding-chairs-14-1024x684.jpg\"  rel=\"prettyPhoto[rel-6615-431226948]\">\n\t\t\t\t\t\t\t\t\t<img class=\"\" src=\"http:\/\/www.dezibel.com.mx\/espanol\/wp-content\/uploads\/2016\/01\/wedding-chairs-14-700x500.jpg\" width=\"700\" height=\"500\" alt=\"ceiling-drapes-decor-wedding\" title=\"wedding-chairs-14\" \/>\t\t\t\t\t\t\t\t<\/a>\n\t\t\t\t\t\t\t\t\t\t\t\t\t\t\t<\/div>\n\t\t\t\t\t\t<\/div>\n\t\t\t\t\t\t\t\t\t\t\t\t\t\t\t\t\t\t<div class=\"vc_item\">\n\t\t\t\t\t\t\t<div class=\"vc_inner\">\n\t\t\t\t\t\t\t\t\t\t\t\t\t\t\t\t\t\t\t\t\t\t\t\t<a class=\"prettyphoto\"\n\t\t\t\t\t\t\t\t   href=\"http:\/\/www.dezibel.com.mx\/espanol\/wp-content\/uploads\/2016\/01\/wedding-chairs-18-1024x684.jpg\"  rel=\"prettyPhoto[rel-6615-431226948]\">\n\t\t\t\t\t\t\t\t\t<img class=\"\" src=\"http:\/\/www.dezibel.com.mx\/espanol\/wp-content\/uploads\/2016\/01\/wedding-chairs-18-700x500.jpg\" width=\"700\" height=\"500\" alt=\"ceiling-drapes-decor-wedding\" title=\"wedding-chairs-18\" \/>\t\t\t\t\t\t\t\t<\/a>\n\t\t\t\t\t\t\t\t\t\t\t\t\t\t\t<\/div>\n\t\t\t\t\t\t<\/div>\n\t\t\t\t\t\t\t\t\t\t\t\t\t\t\t\t\t\t<div class=\"vc_item\">\n\t\t\t\t\t\t\t<div class=\"vc_inner\">\n\t\t\t\t\t\t\t\t\t\t\t\t\t\t\t\t\t\t\t\t\t\t\t\t<a class=\"prettyphoto\"\n\t\t\t\t\t\t\t\t   href=\"http:\/\/www.dezibel.com.mx\/espanol\/wp-content\/uploads\/2016\/01\/wedding-chairs-24-1024x768.jpg\"  rel=\"prettyPhoto[rel-6615-431226948]\">\n\t\t\t\t\t\t\t\t\t<img class=\"\" src=\"http:\/\/www.dezibel.com.mx\/espanol\/wp-content\/uploads\/2016\/01\/wedding-chairs-24-700x500.jpg\" width=\"700\" height=\"500\" alt=\"ceiling-drapes-decor-wedding\" title=\"wedding-chairs-24\" \/>\t\t\t\t\t\t\t\t<\/a>\n\t\t\t\t\t\t\t\t\t\t\t\t\t\t\t<\/div>\n\t\t\t\t\t\t<\/div>\n\t\t\t\t\t\t\t\t\t\t\t\t\t\t\t\t\t\t<div class=\"vc_item\">\n\t\t\t\t\t\t\t<div class=\"vc_inner\">\n\t\t\t\t\t\t\t\t\t\t\t\t\t\t\t\t\t\t\t\t\t\t\t\t<a class=\"prettyphoto\"\n\t\t\t\t\t\t\t\t   href=\"http:\/\/www.dezibel.com.mx\/espanol\/wp-content\/uploads\/2016\/01\/wedding-chairs-25-1024x768.jpg\"  rel=\"prettyPhoto[rel-6615-431226948]\">\n\t\t\t\t\t\t\t\t\t<img class=\"\" src=\"http:\/\/www.dezibel.com.mx\/espanol\/wp-content\/uploads\/2016\/01\/wedding-chairs-25-700x500.jpg\" width=\"700\" height=\"500\" alt=\"ceiling-drapes-decor-wedding\" title=\"wedding-chairs-25\" \/>\t\t\t\t\t\t\t\t<\/a>\n\t\t\t\t\t\t\t\t\t\t\t\t\t\t\t<\/div>\n\t\t\t\t\t\t<\/div>\n\t\t\t\t\t\t\t\t\t\t\t\t\t\t\t\t\t\t<div class=\"vc_item\">\n\t\t\t\t\t\t\t<div class=\"vc_inner\">\n\t\t\t\t\t\t\t\t\t\t\t\t\t\t\t\t\t\t\t\t\t\t\t\t<a class=\"prettyphoto\"\n\t\t\t\t\t\t\t\t   href=\"http:\/\/www.dezibel.com.mx\/espanol\/wp-content\/uploads\/2016\/01\/wedding-chairs-109-1024x683.jpg\"  rel=\"prettyPhoto[rel-6615-431226948]\">\n\t\t\t\t\t\t\t\t\t<img class=\"\" src=\"http:\/\/www.dezibel.com.mx\/espanol\/wp-content\/uploads\/2016\/01\/wedding-chairs-109-700x500.jpg\" width=\"700\" height=\"500\" alt=\"ceiling-drapes-decor-wedding\" title=\"wedding-chairs-109\" \/>\t\t\t\t\t\t\t\t<\/a>\n\t\t\t\t\t\t\t\t\t\t\t\t\t\t\t<\/div>\n\t\t\t\t\t\t<\/div>\n\t\t\t\t\t\t\t\t\t\t\t\t\t\t\t\t\t\t<div class=\"vc_item\">\n\t\t\t\t\t\t\t<div class=\"vc_inner\">\n\t\t\t\t\t\t\t\t\t\t\t\t\t\t\t\t\t\t\t\t\t\t\t\t<a class=\"prettyphoto\"\n\t\t\t\t\t\t\t\t   href=\"http:\/\/www.dezibel.com.mx\/espanol\/wp-content\/uploads\/2016\/01\/wedding-chairs-110-1024x683.jpg\"  rel=\"prettyPhoto[rel-6615-431226948]\">\n\t\t\t\t\t\t\t\t\t<img class=\"\" src=\"http:\/\/www.dezibel.com.mx\/espanol\/wp-content\/uploads\/2016\/01\/wedding-chairs-110-700x500.jpg\" width=\"700\" height=\"500\" alt=\"ceiling-drapes-decor-wedding\" title=\"wedding-chairs-110\" \/>\t\t\t\t\t\t\t\t<\/a>\n\t\t\t\t\t\t\t\t\t\t\t\t\t\t\t<\/div>\n\t\t\t\t\t\t<\/div>\n\t\t\t\t\t\t\t\t\t\t\t\t\t\t\t\t\t\t<div class=\"vc_item\">\n\t\t\t\t\t\t\t<div class=\"vc_inner\">\n\t\t\t\t\t\t\t\t\t\t\t\t\t\t\t\t\t\t\t\t\t\t\t\t<a class=\"prettyphoto\"\n\t\t\t\t\t\t\t\t   href=\"http:\/\/www.dezibel.com.mx\/espanol\/wp-content\/uploads\/2016\/01\/wedding-chairs-113-1024x739.jpg\"  rel=\"prettyPhoto[rel-6615-431226948]\">\n\t\t\t\t\t\t\t\t\t<img class=\"\" src=\"http:\/\/www.dezibel.com.mx\/espanol\/wp-content\/uploads\/2016\/01\/wedding-chairs-113-700x500.jpg\" width=\"700\" height=\"500\" alt=\"ceiling-drapes-decor-wedding\" title=\"wedding-chairs-113\" \/>\t\t\t\t\t\t\t\t<\/a>\n\t\t\t\t\t\t\t\t\t\t\t\t\t\t\t<\/div>\n\t\t\t\t\t\t<\/div>\n\t\t\t\t\t\t\t\t\t\t\t\t\t\t\t\t\t\t<div class=\"vc_item\">\n\t\t\t\t\t\t\t<div class=\"vc_inner\">\n\t\t\t\t\t\t\t\t\t\t\t\t\t\t\t\t\t\t\t\t\t\t\t\t<a class=\"prettyphoto\"\n\t\t\t\t\t\t\t\t   href=\"http:\/\/www.dezibel.com.mx\/espanol\/wp-content\/uploads\/2016\/01\/wedding-chairs-117.jpg\"  rel=\"prettyPhoto[rel-6615-431226948]\">\n\t\t\t\t\t\t\t\t\t<img class=\"\" src=\"http:\/\/www.dezibel.com.mx\/espanol\/wp-content\/uploads\/2016\/01\/wedding-chairs-117-700x500.jpg\" width=\"700\" height=\"500\" alt=\"ceiling-drapes-decor-wedding\" title=\"wedding-chairs-117\" \/>\t\t\t\t\t\t\t\t<\/a>\n\t\t\t\t\t\t\t\t\t\t\t\t\t\t\t<\/div>\n\t\t\t\t\t\t<\/div>\n\t\t\t\t\t\t\t\t\t\t\t\t\t\t\t\t\t\t<div class=\"vc_item\">\n\t\t\t\t\t\t\t<div class=\"vc_inner\">\n\t\t\t\t\t\t\t\t\t\t\t\t\t\t\t\t\t\t\t\t\t\t\t\t<a class=\"prettyphoto\"\n\t\t\t\t\t\t\t\t   href=\"http:\/\/www.dezibel.com.mx\/espanol\/wp-content\/uploads\/2016\/01\/wedding-chairs-120.jpg\"  rel=\"prettyPhoto[rel-6615-431226948]\">\n\t\t\t\t\t\t\t\t\t<img class=\"\" src=\"http:\/\/www.dezibel.com.mx\/espanol\/wp-content\/uploads\/2016\/01\/wedding-chairs-120-700x500.jpg\" width=\"700\" height=\"500\" alt=\"ceiling-drapes-decor-wedding\" title=\"wedding-chairs-120\" \/>\t\t\t\t\t\t\t\t<\/a>\n\t\t\t\t\t\t\t\t\t\t\t\t\t\t\t<\/div>\n\t\t\t\t\t\t<\/div>\n\t\t\t\t\t\t\t\t\t\t\t<\/div>\n\t\t\t\t<\/div>\n\t\t\t<\/div>\n\t\t\t\t\t\t<!-- Controls -->\n\t\t\t<a class=\"vc_left vc_carousel-control\" href=\"#vc_images-carousel-1-1776772005\" data-slide=\"prev\">\n\t\t\t\t<span class=\"icon-prev\"><\/span>\n\t\t\t<\/a>\n\t\t\t<a class=\"vc_right vc_carousel-control\" href=\"#vc_images-carousel-1-1776772005\" data-slide=\"next\">\n\t\t\t\t<span class=\"icon-next\"><\/span>\n\t\t\t<\/a>\n\t\t\t\t\t<\/div>\n\t<\/div><\/div><hr class=\"vertical-space2\">\n\t\t<\/div> \n\t<\/div> \n\n\t<div class=\"vc_col-sm-4 Aligncenter wpb_column vc_column_container \">\n\t\t<div class=\"wpb_wrapper\">\n\t\t\t<hr class=\"vertical-space1\"><section class=\"wpb_row vc_row-fluid\">\n\t<div class=\"vc_col-sm-4 wpb_column vc_column_container \">\n\t\t<div class=\"wpb_wrapper\">\n\t\t\t<div class=\"fb_like wpb_content_element fb_type_button_count\"><iframe src=\"http:\/\/www.facebook.com\/plugins\/like.php?href=http:\/\/www.dezibel.com.mx\/espanol\/telares\/&amp;layout=button_count&amp;show_faces=false&amp;action=like&amp;colorscheme=light\" scrolling=\"no\" frameborder=\"0\" allowTransparency=\"true\"><\/iframe><\/div>\n\n\t\t<\/div> \n\t<\/div> \n\n\t<div class=\"vc_col-sm-4 wpb_column vc_column_container \">\n\t\t<div class=\"wpb_wrapper\">\n\t\t\t<a href=\"http:\/\/twitter.com\/share\" class=\"twitter-share-button\" data-count=\"horizontal\">Tweet<\/a><script type=\"text\/javascript\" src=\"http:\/\/platform.twitter.com\/widgets.js\"><\/script>\n\n\t\t<\/div> \n\t<\/div> \n\n\t<div class=\"vc_col-sm-4 wpb_column vc_column_container \">\n\t\t<div class=\"wpb_wrapper\">\n\t\t\t<div class=\"wpb_googleplus wpb_content_element wpb_googleplus_type_standard\"><g:plusone annotation=\"inline\"><\/g:plusone><\/div>\n\n\t\t<\/div> \n\t<\/div> \n<\/section><hr class=\"vertical-space1\">\n\t<div class=\"wpb_text_column wpb_content_element \">\n\t\t<div class=\"wpb_wrapper\">\n\t\t\t<h2><span style=\"color: #000000;\">Telares<\/span><\/h2>\n<p>Los Telares son una de las formas m\u00e1s efectivas para suavizar un gran espacio, nuestras cortinas de techo realmente transformar un lugar. Maravillosamente elegante cuando se usan solos, estos telares funcionan fant\u00e1sticamente bien combinado con elementos de iluminaci\u00f3n, como <strong>String lights <\/strong>y <strong>Candelabros<\/strong>.<\/p>\n<p>Nuestros telares pueden transformar cualquier suite de un hotel, espacio al aire libre o sala de fiestas dando la atmosfera que siempre ha so\u00f1ado.<\/p>\n<p>Tambi\u00e9n tenemos cortinas que se ajustan con precisi\u00f3n alrededor de puertas y ventanas o cualquier otra superficie. H\u00e1ganos saber si usted tiene alguna duda sobre la decoraci\u00f3n cortinas de techo.<\/p>\n\n\t\t<\/div> \n\t<\/div> <hr class=\"vertical-space1\"><section class=\"wpb_row vc_row-fluid\">\n\t<div class=\"vc_col-sm-3 wpb_column vc_column_container \">\n\t\t<div class=\"wpb_wrapper\">\n\t\t\t\n\n\t\t<\/div> \n\t<\/div> \n\n\t<div class=\"vc_col-sm-6 wpb_column vc_column_container \">\n\t\t<div class=\"wpb_wrapper\">\n\t\t\t<a class=\"wpb_button_a\" title=\"\u00a1Los Quiero!\" href=\"http:\/\/www.dezibel.com.mx\/contact\/\"><span class=\"wpb_button  wpb_btn-warning wpb_btn-large\">\u00a1Los Quiero!<\/span><\/a>\n\n\t\t<\/div> \n\t<\/div> \n\n\t<div class=\"vc_col-sm-3 wpb_column vc_column_container \">\n\t\t<div class=\"wpb_wrapper\">\n\t\t\t\n\n\t\t<\/div> \n\t<\/div> \n<\/section>\n\t\t<\/div> \n\t<\/div> \n<\/div><\/div><\/section><section class=\"container\"><div class=\"row-wrapper-x\"><section class=\"wpb_row vc_row-fluid\">\n\t<div class=\"vc_col-sm-12 wpb_column vc_column_container \">\n\t\t<div class=\"wpb_wrapper\">\n\t\t\t<hr class=\"vertical-space1\"><div class=\"sec-divider\"><div class=\"cir li_heart\" style=\" color:#000000;\"><\/div><\/div>\n\t\t<\/div> \n\t<\/div> \n<\/section>\n","protected":false},"excerpt":{"rendered":"Tweet Telares Los Telares son una de las formas m\u00e1s efectivas para suavizar un gran espacio, nuestras cortinas de techo realmente transformar un lugar. Maravillosamente elegante cuando se usan solos, estos telares funcionan fant\u00e1sticamente bien combinado con elementos de iluminaci\u00f3n, como... <br><br><a class=\"readmore\" href=\"http:\/\/www.dezibel.com.mx\/espanol\/telares\/\">Read More<\/a>","protected":false},"author":1,"featured_media":0,"parent":0,"menu_order":0,"comment_status":"closed","ping_status":"closed","template":"","meta":[],"_links":{"self":[{"href":"http:\/\/www.dezibel.com.mx\/espanol\/wp-json\/wp\/v2\/pages\/6615"}],"collection":[{"href":"http:\/\/www.dezibel.com.mx\/espanol\/wp-json\/wp\/v2\/pages"}],"about":[{"href":"http:\/\/www.dezibel.com.mx\/espanol\/wp-json\/wp\/v2\/types\/page"}],"author":[{"embeddable":true,"href":"http:\/\/www.dezibel.com.mx\/espanol\/wp-json\/wp\/v2\/users\/1"}],"replies":[{"embeddable":true,"href":"http:\/\/www.dezibel.com.mx\/espanol\/wp-json\/wp\/v2\/comments?post=6615"}],"version-history":[{"count":4,"href":"http:\/\/www.dezibel.com.mx\/espanol\/wp-json\/wp\/v2\/pages\/6615\/revisions"}],"predecessor-version":[{"id":7660,"href":"http:\/\/www.dezibel.com.mx\/espanol\/wp-json\/wp\/v2\/pages\/6615\/revisions\/7660"}],"wp:attachment":[{"href":"http:\/\/www.dezibel.com.mx\/espanol\/wp-json\/wp\/v2\/media?parent=6615"}],"curies":[{"name":"wp","href":"https:\/\/api.w.org\/{rel}","templated":true}]}}