{"id":6440,"date":"2016-01-06T15:45:52","date_gmt":"2016-01-06T21:45:52","guid":{"rendered":"http:\/\/www.dezibel.com.mx\/?page_id=6440"},"modified":"2016-09-01T11:57:59","modified_gmt":"2016-09-01T17:57:59","slug":"show-caribeno","status":"publish","type":"page","link":"http:\/\/www.dezibel.com.mx\/espanol\/show-caribeno\/","title":{"rendered":"Show Caribe\u00f1o"},"content":{"rendered":"<\/div><\/section><section class=\"blox    \" style=\" padding-top:px; padding-bottom:px; background-size: cover; min-height:500px;  background-color:#f2f2f2;\"><div class=\"max-overlay\" style=\"background-color:#ffffff\"><\/div><div class=\"wpb_row vc_row-fluid full-row\"><div class=\"container\">\n\t<div class=\"vc_col-sm-12 wpb_column vc_column_container \">\n\t\t<div class=\"wpb_wrapper\">\n\t\t\t<hr class=\"vertical-space1\"><div class=\"sec-divider\"><div class=\"cir li_heart\" style=\" color:#0a0a0a;\"><\/div><\/div>\n\t\t<\/div> \n\t<\/div> \n\n\t<div class=\"vc_col-sm-8 wpb_column vc_column_container \">\n\t\t<div class=\"wpb_wrapper\">\n\t\t\t<hr class=\"vertical-space2\"><div class=\"wpb_images_carousel wpb_content_element vc_clearfix\">\n\t<div class=\"wpb_wrapper\">\n\t\t\t\t<div id=\"vc_images-carousel-1-1776424432\" data-ride=\"vc_carousel\"\n\t\t\t data-wrap=\"true\" style=\"width: 700px;\"\n\t\t\t data-interval=\"0\" data-auto-height=\"yes\"\n\t\t\t data-mode=\"horizontal\" data-partial=\"false\"\n\t\t\t data-per-view=\"1\"\n\t\t\t data-hide-on-end=\"true\" class=\"vc_slide vc_images_carousel\">\n\t\t\t\t\t\t<!-- Wrapper for slides -->\n\t\t\t<div class=\"vc_carousel-inner\">\n\t\t\t\t<div class=\"vc_carousel-slideline\">\n\t\t\t\t\t<div class=\"vc_carousel-slideline-inner\">\n\t\t\t\t\t\t\t\t\t\t\t\t\t\t\t\t\t\t<div class=\"vc_item\">\n\t\t\t\t\t\t\t<div class=\"vc_inner\">\n\t\t\t\t\t\t\t\t\t\t\t\t\t\t\t\t\t\t\t\t\t\t\t\t<a class=\"prettyphoto\"\n\t\t\t\t\t\t\t\t   href=\"http:\/\/www.dezibel.com.mx\/espanol\/wp-content\/uploads\/2016\/01\/caribeno_poster-761x1024.jpg\"  rel=\"prettyPhoto[rel-6440-392432141]\">\n\t\t\t\t\t\t\t\t\t<img class=\"\" src=\"http:\/\/www.dezibel.com.mx\/espanol\/wp-content\/uploads\/2016\/01\/caribeno_poster-700x500.jpg\" width=\"700\" height=\"500\" alt=\"SHOW LATINO\" title=\"caribeno_poster\" \/>\t\t\t\t\t\t\t\t<\/a>\n\t\t\t\t\t\t\t\t\t\t\t\t\t\t\t<\/div>\n\t\t\t\t\t\t<\/div>\n\t\t\t\t\t\t\t\t\t\t\t\t\t\t\t\t\t\t<div class=\"vc_item\">\n\t\t\t\t\t\t\t<div class=\"vc_inner\">\n\t\t\t\t\t\t\t\t\t\t\t\t\t\t\t\t\t\t\t\t\t\t\t\t<a class=\"prettyphoto\"\n\t\t\t\t\t\t\t\t   href=\"http:\/\/www.dezibel.com.mx\/espanol\/wp-content\/uploads\/2016\/01\/SHOW-LATINO-2.jpg\"  rel=\"prettyPhoto[rel-6440-392432141]\">\n\t\t\t\t\t\t\t\t\t<img class=\"\" src=\"http:\/\/www.dezibel.com.mx\/espanol\/wp-content\/uploads\/2016\/01\/SHOW-LATINO-2-522x500.jpg\" width=\"522\" height=\"500\" alt=\"SHOW LATINO\" title=\"SHOW LATINO 2\" \/>\t\t\t\t\t\t\t\t<\/a>\n\t\t\t\t\t\t\t\t\t\t\t\t\t\t\t<\/div>\n\t\t\t\t\t\t<\/div>\n\t\t\t\t\t\t\t\t\t\t\t\t\t\t\t\t\t\t<div class=\"vc_item\">\n\t\t\t\t\t\t\t<div class=\"vc_inner\">\n\t\t\t\t\t\t\t\t\t\t\t\t\t\t\t\t\t\t\t\t\t\t\t\t<a class=\"prettyphoto\"\n\t\t\t\t\t\t\t\t   href=\"http:\/\/www.dezibel.com.mx\/espanol\/wp-content\/uploads\/2016\/01\/SHOW-LATINO-3.jpg\"  rel=\"prettyPhoto[rel-6440-392432141]\">\n\t\t\t\t\t\t\t\t\t<img class=\"\" src=\"http:\/\/www.dezibel.com.mx\/espanol\/wp-content\/uploads\/2016\/01\/SHOW-LATINO-3.jpg\" width=\"527\" height=\"453\" alt=\"SHOW LATINO\" title=\"SHOW LATINO 3\" \/>\t\t\t\t\t\t\t\t<\/a>\n\t\t\t\t\t\t\t\t\t\t\t\t\t\t\t<\/div>\n\t\t\t\t\t\t<\/div>\n\t\t\t\t\t\t\t\t\t\t\t\t\t\t\t\t\t\t<div class=\"vc_item\">\n\t\t\t\t\t\t\t<div class=\"vc_inner\">\n\t\t\t\t\t\t\t\t\t\t\t\t\t\t\t\t\t\t\t\t\t\t\t\t<a class=\"prettyphoto\"\n\t\t\t\t\t\t\t\t   href=\"http:\/\/www.dezibel.com.mx\/espanol\/wp-content\/uploads\/2016\/01\/SHOW-LATINO-4.jpg\"  rel=\"prettyPhoto[rel-6440-392432141]\">\n\t\t\t\t\t\t\t\t\t<img class=\"\" src=\"http:\/\/www.dezibel.com.mx\/espanol\/wp-content\/uploads\/2016\/01\/SHOW-LATINO-4-700x500.jpg\" width=\"700\" height=\"500\" alt=\"SHOW LATINO\" title=\"SHOW LATINO 4\" \/>\t\t\t\t\t\t\t\t<\/a>\n\t\t\t\t\t\t\t\t\t\t\t\t\t\t\t<\/div>\n\t\t\t\t\t\t<\/div>\n\t\t\t\t\t\t\t\t\t\t\t\t\t\t\t\t\t\t<div class=\"vc_item\">\n\t\t\t\t\t\t\t<div class=\"vc_inner\">\n\t\t\t\t\t\t\t\t\t\t\t\t\t\t\t\t\t\t\t\t\t\t\t\t<a class=\"prettyphoto\"\n\t\t\t\t\t\t\t\t   href=\"http:\/\/www.dezibel.com.mx\/espanol\/wp-content\/uploads\/2016\/01\/SHOW-LATINO-1.jpg\"  rel=\"prettyPhoto[rel-6440-392432141]\">\n\t\t\t\t\t\t\t\t\t<img class=\"\" src=\"http:\/\/www.dezibel.com.mx\/espanol\/wp-content\/uploads\/2016\/01\/SHOW-LATINO-1-700x500.jpg\" width=\"700\" height=\"500\" alt=\"SHOW LATINO\" title=\"SHOW LATINO 1\" \/>\t\t\t\t\t\t\t\t<\/a>\n\t\t\t\t\t\t\t\t\t\t\t\t\t\t\t<\/div>\n\t\t\t\t\t\t<\/div>\n\t\t\t\t\t\t\t\t\t\t\t<\/div>\n\t\t\t\t<\/div>\n\t\t\t<\/div>\n\t\t\t\t\t\t<!-- Controls -->\n\t\t\t<a class=\"vc_left vc_carousel-control\" href=\"#vc_images-carousel-1-1776424432\" data-slide=\"prev\">\n\t\t\t\t<span class=\"icon-prev\"><\/span>\n\t\t\t<\/a>\n\t\t\t<a class=\"vc_right vc_carousel-control\" href=\"#vc_images-carousel-1-1776424432\" data-slide=\"next\">\n\t\t\t\t<span class=\"icon-next\"><\/span>\n\t\t\t<\/a>\n\t\t\t\t\t<\/div>\n\t<\/div><\/div><hr class=\"vertical-space1\">\n\t\t<\/div> \n\t<\/div> \n\n\t<div class=\"vc_col-sm-4 wpb_column vc_column_container \">\n\t\t<div class=\"wpb_wrapper\">\n\t\t\t<hr class=\"vertical-space1\"><section class=\"wpb_row vc_row-fluid\">\n\t<div class=\"vc_col-sm-4 wpb_column vc_column_container \">\n\t\t<div class=\"wpb_wrapper\">\n\t\t\t<div class=\"fb_like wpb_content_element fb_type_button_count\"><iframe src=\"http:\/\/www.facebook.com\/plugins\/like.php?href=http:\/\/www.dezibel.com.mx\/espanol\/show-caribeno\/&amp;layout=button_count&amp;show_faces=false&amp;action=like&amp;colorscheme=light\" scrolling=\"no\" frameborder=\"0\" allowTransparency=\"true\"><\/iframe><\/div>\n\n\t\t<\/div> \n\t<\/div> \n\n\t<div class=\"vc_col-sm-4 wpb_column vc_column_container \">\n\t\t<div class=\"wpb_wrapper\">\n\t\t\t<a href=\"http:\/\/twitter.com\/share\" class=\"twitter-share-button\" data-count=\"horizontal\">Tweet<\/a><script type=\"text\/javascript\" src=\"http:\/\/platform.twitter.com\/widgets.js\"><\/script>\n\n\t\t<\/div> \n\t<\/div> \n\n\t<div class=\"vc_col-sm-4 wpb_column vc_column_container \">\n\t\t<div class=\"wpb_wrapper\">\n\t\t\t<div class=\"wpb_googleplus wpb_content_element wpb_googleplus_type_medium\"><g:plusone size=\"medium\" ><\/g:plusone><\/div>\n\n\t\t<\/div> \n\t<\/div> \n<\/section>\n\t<div class=\"wpb_text_column wpb_content_element \">\n\t\t<div class=\"wpb_wrapper\">\n\t\t\t<h3>Show Caribe\u00f1o<\/h3>\n<p>Experimenta el Caribe aqu\u00ed en Canc\u00fan y Riviera Maya!!! La Danza del Caribe es un espect\u00e1culo que garantiza sorprender a sus espectadores con las bellas bailarinas que mostrar\u00e1n los bailes aut\u00e9nticos del Caribe.<\/p>\n\n\t\t<\/div> \n\t<\/div> <hr class=\"vertical-space1\"><section class=\"wpb_row vc_row-fluid\">\n\t<div class=\"vc_col-sm-12 wpb_column vc_column_container \">\n\t\t<div class=\"wpb_wrapper\">\n\t\t\t\n\n\t\t<\/div> \n\t<\/div> \n<\/section><hr class=\"vertical-space1\">\n\t\t<\/div> \n\t<\/div> \n<\/div><\/div><\/section><section class=\"container\"><div class=\"row-wrapper-x\"><section class=\"wpb_row vc_row-fluid\">\n\t<div class=\"vc_col-sm-12 wpb_column vc_column_container \">\n\t\t<div class=\"wpb_wrapper\">\n\t\t\t<hr class=\"vertical-space1\"><div class=\"sec-divider\"><div class=\"cir li_heart\" style=\"\"><\/div><\/div>\n\t\t<\/div> \n\t<\/div> \n<\/section>\n","protected":false},"excerpt":{"rendered":"Tweet Show Caribe\u00f1o Experimenta el Caribe aqu\u00ed en Canc\u00fan y Riviera Maya!!! La Danza del Caribe es un espect\u00e1culo que garantiza sorprender a sus espectadores con las bellas bailarinas que mostrar\u00e1n los bailes aut\u00e9nticos del Caribe.","protected":false},"author":1,"featured_media":0,"parent":0,"menu_order":0,"comment_status":"closed","ping_status":"closed","template":"","meta":[],"_links":{"self":[{"href":"http:\/\/www.dezibel.com.mx\/espanol\/wp-json\/wp\/v2\/pages\/6440"}],"collection":[{"href":"http:\/\/www.dezibel.com.mx\/espanol\/wp-json\/wp\/v2\/pages"}],"about":[{"href":"http:\/\/www.dezibel.com.mx\/espanol\/wp-json\/wp\/v2\/types\/page"}],"author":[{"embeddable":true,"href":"http:\/\/www.dezibel.com.mx\/espanol\/wp-json\/wp\/v2\/users\/1"}],"replies":[{"embeddable":true,"href":"http:\/\/www.dezibel.com.mx\/espanol\/wp-json\/wp\/v2\/comments?post=6440"}],"version-history":[{"count":3,"href":"http:\/\/www.dezibel.com.mx\/espanol\/wp-json\/wp\/v2\/pages\/6440\/revisions"}],"predecessor-version":[{"id":7643,"href":"http:\/\/www.dezibel.com.mx\/espanol\/wp-json\/wp\/v2\/pages\/6440\/revisions\/7643"}],"wp:attachment":[{"href":"http:\/\/www.dezibel.com.mx\/espanol\/wp-json\/wp\/v2\/media?parent=6440"}],"curies":[{"name":"wp","href":"https:\/\/api.w.org\/{rel}","templated":true}]}}