{"id":6404,"date":"2016-01-06T11:48:41","date_gmt":"2016-01-06T17:48:41","guid":{"rendered":"http:\/\/www.dezibel.com.mx\/?page_id=6404"},"modified":"2016-09-03T11:21:41","modified_gmt":"2016-09-03T17:21:41","slug":"show-led","status":"publish","type":"page","link":"http:\/\/www.dezibel.com.mx\/espanol\/show-led\/","title":{"rendered":"Show LED"},"content":{"rendered":"<\/div><\/section><section class=\"blox    \" style=\" padding-top:px; padding-bottom:px; background-size: cover; min-height:500px;  background-color:#f2f2f2;\"><div class=\"max-overlay\" style=\"background-color:#ffffff\"><\/div><div class=\"wpb_row vc_row-fluid full-row\"><div class=\"container\">\n\t<div class=\"vc_col-sm-12 wpb_column vc_column_container \">\n\t\t<div class=\"wpb_wrapper\">\n\t\t\t<hr class=\"vertical-space1\"><div class=\"sec-divider\"><div class=\"cir fa-magic\" style=\" color:#0a0a0a;\"><\/div><\/div>\n\t\t<\/div> \n\t<\/div> \n\n\t<div class=\"vc_col-sm-8 wpb_column vc_column_container \">\n\t\t<div class=\"wpb_wrapper\">\n\t\t\t<hr class=\"vertical-space1\"><hr class=\"vertical-space1\"><div class=\"wpb_images_carousel wpb_content_element vc_clearfix\">\n\t<div class=\"wpb_wrapper\">\n\t\t\t\t<div id=\"vc_images-carousel-1-1776427334\" data-ride=\"vc_carousel\"\n\t\t\t data-wrap=\"true\" style=\"width: 700px;\"\n\t\t\t data-interval=\"0\" data-auto-height=\"yes\"\n\t\t\t data-mode=\"horizontal\" data-partial=\"false\"\n\t\t\t data-per-view=\"1\"\n\t\t\t data-hide-on-end=\"true\" class=\"vc_slide vc_images_carousel\">\n\t\t\t\t\t\t<!-- Wrapper for slides -->\n\t\t\t<div class=\"vc_carousel-inner\">\n\t\t\t\t<div class=\"vc_carousel-slideline\">\n\t\t\t\t\t<div class=\"vc_carousel-slideline-inner\">\n\t\t\t\t\t\t\t\t\t\t\t\t\t\t\t\t\t\t<div class=\"vc_item\">\n\t\t\t\t\t\t\t<div class=\"vc_inner\">\n\t\t\t\t\t\t\t\t\t\t\t\t\t\t\t\t\t\t\t\t\t\t\t\t<a class=\"prettyphoto\"\n\t\t\t\t\t\t\t\t   href=\"http:\/\/www.dezibel.com.mx\/espanol\/wp-content\/uploads\/2016\/01\/Show-Led-Cancun-Weddings-and-Events.jpg\"  rel=\"prettyPhoto[rel-6404-1701430663]\">\n\t\t\t\t\t\t\t\t\t<img class=\"\" src=\"http:\/\/www.dezibel.com.mx\/espanol\/wp-content\/uploads\/2016\/01\/Show-Led-Cancun-Weddings-and-Events-700x500.jpg\" width=\"700\" height=\"500\" alt=\"Show-Led-Cancun-Weddings-and-Events\" title=\"Show-Led-Cancun-Weddings-and-Events\" \/>\t\t\t\t\t\t\t\t<\/a>\n\t\t\t\t\t\t\t\t\t\t\t\t\t\t\t<\/div>\n\t\t\t\t\t\t<\/div>\n\t\t\t\t\t\t\t\t\t\t\t\t\t\t\t\t\t\t<div class=\"vc_item\">\n\t\t\t\t\t\t\t<div class=\"vc_inner\">\n\t\t\t\t\t\t\t\t\t\t\t\t\t\t\t\t\t\t\t\t\t\t\t\t<a class=\"prettyphoto\"\n\t\t\t\t\t\t\t\t   href=\"http:\/\/www.dezibel.com.mx\/espanol\/wp-content\/uploads\/2016\/01\/Amstar-event-into-a-cave-by-dezibel-event-productions-cancun-7.jpg\"  rel=\"prettyPhoto[rel-6404-1701430663]\">\n\t\t\t\t\t\t\t\t\t<img class=\"\" src=\"http:\/\/www.dezibel.com.mx\/espanol\/wp-content\/uploads\/2016\/01\/Amstar-event-into-a-cave-by-dezibel-event-productions-cancun-7-700x500.jpg\" width=\"700\" height=\"500\" alt=\"Show-Led-Cancun-Weddings-and-Events\" title=\"Amstar-event-into-a-cave-by-dezibel-event-productions-cancun-7\" \/>\t\t\t\t\t\t\t\t<\/a>\n\t\t\t\t\t\t\t\t\t\t\t\t\t\t\t<\/div>\n\t\t\t\t\t\t<\/div>\n\t\t\t\t\t\t\t\t\t\t\t\t\t\t\t\t\t\t<div class=\"vc_item\">\n\t\t\t\t\t\t\t<div class=\"vc_inner\">\n\t\t\t\t\t\t\t\t\t\t\t\t\t\t\t\t\t\t\t\t\t\t\t\t<a class=\"prettyphoto\"\n\t\t\t\t\t\t\t\t   href=\"http:\/\/www.dezibel.com.mx\/espanol\/wp-content\/uploads\/2016\/01\/Amstar-event-into-a-cave-by-dezibel-event-productions-cancun-8.jpg\"  rel=\"prettyPhoto[rel-6404-1701430663]\">\n\t\t\t\t\t\t\t\t\t<img class=\"\" src=\"http:\/\/www.dezibel.com.mx\/espanol\/wp-content\/uploads\/2016\/01\/Amstar-event-into-a-cave-by-dezibel-event-productions-cancun-8-700x500.jpg\" width=\"700\" height=\"500\" alt=\"Show-Led-Cancun-Weddings-and-Events\" title=\"Amstar-event-into-a-cave-by-dezibel-event-productions-cancun-8\" \/>\t\t\t\t\t\t\t\t<\/a>\n\t\t\t\t\t\t\t\t\t\t\t\t\t\t\t<\/div>\n\t\t\t\t\t\t<\/div>\n\t\t\t\t\t\t\t\t\t\t\t\t\t\t\t\t\t\t<div class=\"vc_item\">\n\t\t\t\t\t\t\t<div class=\"vc_inner\">\n\t\t\t\t\t\t\t\t\t\t\t\t\t\t\t\t\t\t\t\t\t\t\t\t<a class=\"prettyphoto\"\n\t\t\t\t\t\t\t\t   href=\"http:\/\/www.dezibel.com.mx\/espanol\/wp-content\/uploads\/2016\/01\/Amstar-event-into-a-cave-by-dezibel-event-productions-cancun-9.jpg\"  rel=\"prettyPhoto[rel-6404-1701430663]\">\n\t\t\t\t\t\t\t\t\t<img class=\"\" src=\"http:\/\/www.dezibel.com.mx\/espanol\/wp-content\/uploads\/2016\/01\/Amstar-event-into-a-cave-by-dezibel-event-productions-cancun-9-700x500.jpg\" width=\"700\" height=\"500\" alt=\"Show-Led-Cancun-Weddings-and-Events\" title=\"Amstar-event-into-a-cave-by-dezibel-event-productions-cancun-9\" \/>\t\t\t\t\t\t\t\t<\/a>\n\t\t\t\t\t\t\t\t\t\t\t\t\t\t\t<\/div>\n\t\t\t\t\t\t<\/div>\n\t\t\t\t\t\t\t\t\t\t\t\t\t\t\t\t\t\t<div class=\"vc_item\">\n\t\t\t\t\t\t\t<div class=\"vc_inner\">\n\t\t\t\t\t\t\t\t\t\t\t\t\t\t\t\t\t\t\t\t\t\t\t\t<a class=\"prettyphoto\"\n\t\t\t\t\t\t\t\t   href=\"http:\/\/www.dezibel.com.mx\/espanol\/wp-content\/uploads\/2016\/01\/IMG_6883-1024x683.jpg\"  rel=\"prettyPhoto[rel-6404-1701430663]\">\n\t\t\t\t\t\t\t\t\t<img class=\"\" src=\"http:\/\/www.dezibel.com.mx\/espanol\/wp-content\/uploads\/2016\/01\/IMG_6883-700x500.jpg\" width=\"700\" height=\"500\" alt=\"Show-Led-Cancun-Weddings-and-Events\" title=\"IMG_6883\" \/>\t\t\t\t\t\t\t\t<\/a>\n\t\t\t\t\t\t\t\t\t\t\t\t\t\t\t<\/div>\n\t\t\t\t\t\t<\/div>\n\t\t\t\t\t\t\t\t\t\t\t\t\t\t\t\t\t\t<div class=\"vc_item\">\n\t\t\t\t\t\t\t<div class=\"vc_inner\">\n\t\t\t\t\t\t\t\t\t\t\t\t\t\t\t\t\t\t\t\t\t\t\t\t<a class=\"prettyphoto\"\n\t\t\t\t\t\t\t\t   href=\"http:\/\/www.dezibel.com.mx\/espanol\/wp-content\/uploads\/2016\/01\/IMG_6893-1024x683.jpg\"  rel=\"prettyPhoto[rel-6404-1701430663]\">\n\t\t\t\t\t\t\t\t\t<img class=\"\" src=\"http:\/\/www.dezibel.com.mx\/espanol\/wp-content\/uploads\/2016\/01\/IMG_6893-700x500.jpg\" width=\"700\" height=\"500\" alt=\"Show-Led-Cancun-Weddings-and-Events\" title=\"IMG_6893\" \/>\t\t\t\t\t\t\t\t<\/a>\n\t\t\t\t\t\t\t\t\t\t\t\t\t\t\t<\/div>\n\t\t\t\t\t\t<\/div>\n\t\t\t\t\t\t\t\t\t\t\t\t\t\t\t\t\t\t<div class=\"vc_item\">\n\t\t\t\t\t\t\t<div class=\"vc_inner\">\n\t\t\t\t\t\t\t\t\t\t\t\t\t\t\t\t\t\t\t\t\t\t\t\t<a class=\"prettyphoto\"\n\t\t\t\t\t\t\t\t   href=\"http:\/\/www.dezibel.com.mx\/espanol\/wp-content\/uploads\/2016\/01\/IMG_6899-1024x683.jpg\"  rel=\"prettyPhoto[rel-6404-1701430663]\">\n\t\t\t\t\t\t\t\t\t<img class=\"\" src=\"http:\/\/www.dezibel.com.mx\/espanol\/wp-content\/uploads\/2016\/01\/IMG_6899-700x500.jpg\" width=\"700\" height=\"500\" alt=\"Show-Led-Cancun-Weddings-and-Events\" title=\"IMG_6899\" \/>\t\t\t\t\t\t\t\t<\/a>\n\t\t\t\t\t\t\t\t\t\t\t\t\t\t\t<\/div>\n\t\t\t\t\t\t<\/div>\n\t\t\t\t\t\t\t\t\t\t\t<\/div>\n\t\t\t\t<\/div>\n\t\t\t<\/div>\n\t\t\t\t\t\t<!-- Controls -->\n\t\t\t<a class=\"vc_left vc_carousel-control\" href=\"#vc_images-carousel-1-1776427334\" data-slide=\"prev\">\n\t\t\t\t<span class=\"icon-prev\"><\/span>\n\t\t\t<\/a>\n\t\t\t<a class=\"vc_right vc_carousel-control\" href=\"#vc_images-carousel-1-1776427334\" data-slide=\"next\">\n\t\t\t\t<span class=\"icon-next\"><\/span>\n\t\t\t<\/a>\n\t\t\t\t\t<\/div>\n\t<\/div><\/div><hr class=\"vertical-space1\">\n\t\t<\/div> \n\t<\/div> \n\n\t<div class=\"vc_col-sm-4 wpb_column vc_column_container \">\n\t\t<div class=\"wpb_wrapper\">\n\t\t\t<hr class=\"vertical-space1\"><section class=\"wpb_row vc_row-fluid\">\n\t<div class=\"vc_col-sm-4 wpb_column vc_column_container \">\n\t\t<div class=\"wpb_wrapper\">\n\t\t\t<div class=\"fb_like wpb_content_element fb_type_button_count\"><iframe src=\"http:\/\/www.facebook.com\/plugins\/like.php?href=http:\/\/www.dezibel.com.mx\/espanol\/show-led\/&amp;layout=button_count&amp;show_faces=false&amp;action=like&amp;colorscheme=light\" scrolling=\"no\" frameborder=\"0\" allowTransparency=\"true\"><\/iframe><\/div>\n\n\t\t<\/div> \n\t<\/div> \n\n\t<div class=\"vc_col-sm-4 wpb_column vc_column_container \">\n\t\t<div class=\"wpb_wrapper\">\n\t\t\t<a href=\"http:\/\/twitter.com\/share\" class=\"twitter-share-button\" data-count=\"horizontal\">Tweet<\/a><script type=\"text\/javascript\" src=\"http:\/\/platform.twitter.com\/widgets.js\"><\/script>\n\n\t\t<\/div> \n\t<\/div> \n\n\t<div class=\"vc_col-sm-4 wpb_column vc_column_container \">\n\t\t<div class=\"wpb_wrapper\">\n\t\t\t<div class=\"wpb_googleplus wpb_content_element wpb_googleplus_type_medium\"><g:plusone size=\"medium\" ><\/g:plusone><\/div>\n\n\t\t<\/div> \n\t<\/div> \n<\/section>\n\t<div class=\"wpb_text_column wpb_content_element \">\n\t\t<div class=\"wpb_wrapper\">\n\t\t\t<h3>Show Led \u00a0(Bailarines Profesionales)<\/h3>\n<p>Los LED son la mejor alternativa para un espect\u00e1culo como el fuego y se pueden personalizar para adaptarse a su evento \/ tema a trav\u00e9s de opciones de m\u00fasica y se\u00f1ales de iluminaci\u00f3n programadas.<br \/>\nLa duraci\u00f3n del show es de 20 minutos.<\/p>\n\n\t\t<\/div> \n\t<\/div> <hr class=\"vertical-space1\"><hr class=\"vertical-space1\">\n\t\t<\/div> \n\t<\/div> \n<\/div><\/div><\/section><section class=\"container\"><div class=\"row-wrapper-x\"><section class=\"wpb_row vc_row-fluid\">\n\t<div class=\"vc_col-sm-12 wpb_column vc_column_container \">\n\t\t<div class=\"wpb_wrapper\">\n\t\t\t<section class=\"wpb_row vc_row-fluid\">\n\t<div class=\"vc_col-sm-6 wpb_column vc_column_container \">\n\t\t<div class=\"wpb_wrapper\">\n\t\t\t\n\t<div class=\"wpb_video_widget wpb_content_element\">\n\t\t<div class=\"wpb_wrapper\"><div class=\"wpb_video_wrapper\"><iframe width=\"940\" height=\"529\" src=\"https:\/\/www.youtube.com\/embed\/bB7T6t3wqA8?feature=oembed\" frameborder=\"0\" allowfullscreen><\/iframe><\/div>\n\t\t<\/div> \n\t<\/div> \n\t\t<\/div> \n\t<\/div> \n\n\t<div class=\"vc_col-sm-6 wpb_column vc_column_container \">\n\t\t<div class=\"wpb_wrapper\">\n\t\t\t\n\t<div class=\"wpb_video_widget wpb_content_element\">\n\t\t<div class=\"wpb_wrapper\"><div class=\"wpb_video_wrapper\"><iframe title=\"Show de Leds\" width=\"940\" height=\"529\" src=\"https:\/\/www.youtube.com\/embed\/mIb6rJHsUkA?feature=oembed\" frameborder=\"0\" allow=\"accelerometer; autoplay; clipboard-write; encrypted-media; gyroscope; picture-in-picture; web-share\" allowfullscreen><\/iframe><\/div>\n\t\t<\/div> \n\t<\/div> \n\t\t<\/div> \n\t<\/div> \n<\/section><hr class=\"vertical-space2\"><div class=\"sec-divider\"><div class=\"cir fa-magic\" style=\"\"><\/div><\/div>\n\t\t<\/div> \n\t<\/div> \n<\/section>\n","protected":false},"excerpt":{"rendered":"Tweet Show Led \u00a0(Bailarines Profesionales) Los LED son la mejor alternativa para un espect\u00e1culo como el fuego y se pueden personalizar para adaptarse a su evento \/ tema a trav\u00e9s de opciones de m\u00fasica y se\u00f1ales de iluminaci\u00f3n programadas. La duraci\u00f3n... <br><br><a class=\"readmore\" href=\"http:\/\/www.dezibel.com.mx\/espanol\/show-led\/\">Read More<\/a>","protected":false},"author":1,"featured_media":0,"parent":0,"menu_order":0,"comment_status":"closed","ping_status":"closed","template":"","meta":[],"_links":{"self":[{"href":"http:\/\/www.dezibel.com.mx\/espanol\/wp-json\/wp\/v2\/pages\/6404"}],"collection":[{"href":"http:\/\/www.dezibel.com.mx\/espanol\/wp-json\/wp\/v2\/pages"}],"about":[{"href":"http:\/\/www.dezibel.com.mx\/espanol\/wp-json\/wp\/v2\/types\/page"}],"author":[{"embeddable":true,"href":"http:\/\/www.dezibel.com.mx\/espanol\/wp-json\/wp\/v2\/users\/1"}],"replies":[{"embeddable":true,"href":"http:\/\/www.dezibel.com.mx\/espanol\/wp-json\/wp\/v2\/comments?post=6404"}],"version-history":[{"count":2,"href":"http:\/\/www.dezibel.com.mx\/espanol\/wp-json\/wp\/v2\/pages\/6404\/revisions"}],"predecessor-version":[{"id":7852,"href":"http:\/\/www.dezibel.com.mx\/espanol\/wp-json\/wp\/v2\/pages\/6404\/revisions\/7852"}],"wp:attachment":[{"href":"http:\/\/www.dezibel.com.mx\/espanol\/wp-json\/wp\/v2\/media?parent=6404"}],"curies":[{"name":"wp","href":"https:\/\/api.w.org\/{rel}","templated":true}]}}