{"id":6347,"date":"2016-01-06T10:14:54","date_gmt":"2016-01-06T16:14:54","guid":{"rendered":"http:\/\/www.dezibel.com.mx\/?page_id=6347"},"modified":"2016-09-07T10:08:15","modified_gmt":"2016-09-07T16:08:15","slug":"show-prehispanico-maya","status":"publish","type":"page","link":"http:\/\/www.dezibel.com.mx\/espanol\/show-prehispanico-maya\/","title":{"rendered":"Show Prehisp\u00e1nico (Maya)"},"content":{"rendered":"<\/div><\/section><section class=\"blox    \" style=\" padding-top:px; padding-bottom:px; background-size: cover; min-height:500px;  background-color:#f2f2f2;\"><div class=\"max-overlay\" style=\"background-color:#ffffff\"><\/div><div class=\"wpb_row vc_row-fluid full-row\"><div class=\"container\">\n\t<div class=\"vc_col-sm-12 wpb_column vc_column_container \">\n\t\t<div class=\"wpb_wrapper\">\n\t\t\t<hr class=\"vertical-space1\"><div class=\"sec-divider\"><div class=\"cir fa-magic\" style=\" color:#0a0a0a;\"><\/div><\/div>\n\t\t<\/div> \n\t<\/div> \n\n\t<div class=\"vc_col-sm-8 wpb_column vc_column_container \">\n\t\t<div class=\"wpb_wrapper\">\n\t\t\t<hr class=\"vertical-space1\"><hr class=\"vertical-space1\"><section class=\"wpb_row vc_row-fluid\">\n\t<div class=\"vc_col-sm-12 wpb_column vc_column_container \">\n\t\t<div class=\"wpb_wrapper\">\n\t\t\t\n\t<div class=\"wpb_video_widget wpb_content_element\">\n\t\t<div class=\"wpb_wrapper\"><div class=\"wpb_video_wrapper\"><iframe width=\"940\" height=\"529\" src=\"https:\/\/www.youtube.com\/embed\/XB_DgsUvMh0?feature=oembed\" frameborder=\"0\" allowfullscreen><\/iframe><\/div>\n\t\t<\/div> \n\t<\/div> \n\t\t<\/div> \n\t<\/div> \n<\/section><div class=\"vc_empty_space\"  style=\"height: 20px\" ><span class=\"vc_empty_space_inner\"><\/span><\/div>\n\n<div class=\"wpb_images_carousel wpb_content_element vc_clearfix\">\n\t<div class=\"wpb_wrapper\">\n\t\t\t\t<div id=\"vc_images-carousel-1-1776439338\" data-ride=\"vc_carousel\"\n\t\t\t data-wrap=\"true\" style=\"width: 100%;\"\n\t\t\t data-interval=\"0\" data-auto-height=\"yes\"\n\t\t\t data-mode=\"horizontal\" data-partial=\"false\"\n\t\t\t data-per-view=\"5\"\n\t\t\t data-hide-on-end=\"true\" class=\"vc_slide vc_images_carousel\">\n\t\t\t\t\t\t<!-- Wrapper for slides -->\n\t\t\t<div class=\"vc_carousel-inner\">\n\t\t\t\t<div class=\"vc_carousel-slideline\">\n\t\t\t\t\t<div class=\"vc_carousel-slideline-inner\">\n\t\t\t\t\t\t\t\t\t\t\t\t\t\t\t\t\t\t<div class=\"vc_item\">\n\t\t\t\t\t\t\t<div class=\"vc_inner\">\n\t\t\t\t\t\t\t\t\t\t\t\t\t\t\t\t\t\t\t\t\t\t\t\t<a class=\"prettyphoto\"\n\t\t\t\t\t\t\t\t   href=\"http:\/\/www.dezibel.com.mx\/espanol\/wp-content\/uploads\/2016\/01\/Wedding-cancun-Planners-Mayan-ceremony-6-1024x683.jpg\"  rel=\"prettyPhoto[rel-6347-1528099894]\">\n\t\t\t\t\t\t\t\t\t<img class=\"\" src=\"http:\/\/www.dezibel.com.mx\/espanol\/wp-content\/uploads\/2016\/01\/Wedding-cancun-Planners-Mayan-ceremony-6-500x500.jpg\" width=\"500\" height=\"500\" alt=\"Mayan-Show-Cancun-wedding-and-Events-3\" title=\"Wedding cancun-Planners-Mayan ceremony--6\" \/>\t\t\t\t\t\t\t\t<\/a>\n\t\t\t\t\t\t\t\t\t\t\t\t\t\t\t<\/div>\n\t\t\t\t\t\t<\/div>\n\t\t\t\t\t\t\t\t\t\t\t\t\t\t\t\t\t\t<div class=\"vc_item\">\n\t\t\t\t\t\t\t<div class=\"vc_inner\">\n\t\t\t\t\t\t\t\t\t\t\t\t\t\t\t\t\t\t\t\t\t\t\t\t<a class=\"prettyphoto\"\n\t\t\t\t\t\t\t\t   href=\"http:\/\/www.dezibel.com.mx\/espanol\/wp-content\/uploads\/2016\/01\/Wedding-cancun-Planners-Mayan-ceremony-7-1024x683.jpg\"  rel=\"prettyPhoto[rel-6347-1528099894]\">\n\t\t\t\t\t\t\t\t\t<img class=\"\" src=\"http:\/\/www.dezibel.com.mx\/espanol\/wp-content\/uploads\/2016\/01\/Wedding-cancun-Planners-Mayan-ceremony-7-500x500.jpg\" width=\"500\" height=\"500\" alt=\"Mayan-Show-Cancun-wedding-and-Events-3\" title=\"Wedding cancun-Planners-Mayan ceremony--7\" \/>\t\t\t\t\t\t\t\t<\/a>\n\t\t\t\t\t\t\t\t\t\t\t\t\t\t\t<\/div>\n\t\t\t\t\t\t<\/div>\n\t\t\t\t\t\t\t\t\t\t\t\t\t\t\t\t\t\t<div class=\"vc_item\">\n\t\t\t\t\t\t\t<div class=\"vc_inner\">\n\t\t\t\t\t\t\t\t\t\t\t\t\t\t\t\t\t\t\t\t\t\t\t\t<a class=\"prettyphoto\"\n\t\t\t\t\t\t\t\t   href=\"http:\/\/www.dezibel.com.mx\/espanol\/wp-content\/uploads\/2016\/01\/Wedding-cancun-Planners-Mayan-ceremony-11-1024x683.jpg\"  rel=\"prettyPhoto[rel-6347-1528099894]\">\n\t\t\t\t\t\t\t\t\t<img class=\"\" src=\"http:\/\/www.dezibel.com.mx\/espanol\/wp-content\/uploads\/2016\/01\/Wedding-cancun-Planners-Mayan-ceremony-11-500x500.jpg\" width=\"500\" height=\"500\" alt=\"Mayan-Show-Cancun-wedding-and-Events-3\" title=\"Wedding cancun-Planners-Mayan ceremony--11\" \/>\t\t\t\t\t\t\t\t<\/a>\n\t\t\t\t\t\t\t\t\t\t\t\t\t\t\t<\/div>\n\t\t\t\t\t\t<\/div>\n\t\t\t\t\t\t\t\t\t\t\t\t\t\t\t\t\t\t<div class=\"vc_item\">\n\t\t\t\t\t\t\t<div class=\"vc_inner\">\n\t\t\t\t\t\t\t\t\t\t\t\t\t\t\t\t\t\t\t\t\t\t\t\t<a class=\"prettyphoto\"\n\t\t\t\t\t\t\t\t   href=\"http:\/\/www.dezibel.com.mx\/espanol\/wp-content\/uploads\/2016\/01\/218400_172049962852808_4126074_o-1024x807.jpg\"  rel=\"prettyPhoto[rel-6347-1528099894]\">\n\t\t\t\t\t\t\t\t\t<img class=\"\" src=\"http:\/\/www.dezibel.com.mx\/espanol\/wp-content\/uploads\/2016\/01\/218400_172049962852808_4126074_o-500x500.jpg\" width=\"500\" height=\"500\" alt=\"Mayan-Show-Cancun-wedding-and-Events-3\" title=\"218400_172049962852808_4126074_o\" \/>\t\t\t\t\t\t\t\t<\/a>\n\t\t\t\t\t\t\t\t\t\t\t\t\t\t\t<\/div>\n\t\t\t\t\t\t<\/div>\n\t\t\t\t\t\t\t\t\t\t\t\t\t\t\t\t\t\t<div class=\"vc_item\">\n\t\t\t\t\t\t\t<div class=\"vc_inner\">\n\t\t\t\t\t\t\t\t\t\t\t\t\t\t\t\t\t\t\t\t\t\t\t\t<a class=\"prettyphoto\"\n\t\t\t\t\t\t\t\t   href=\"http:\/\/www.dezibel.com.mx\/espanol\/wp-content\/uploads\/2016\/01\/Mayan-Show-Cancun-wedding-and-Events-3.jpg\"  rel=\"prettyPhoto[rel-6347-1528099894]\">\n\t\t\t\t\t\t\t\t\t<img class=\"\" src=\"http:\/\/www.dezibel.com.mx\/espanol\/wp-content\/uploads\/2016\/01\/Mayan-Show-Cancun-wedding-and-Events-3-500x500.jpg\" width=\"500\" height=\"500\" alt=\"Mayan-Show-Cancun-wedding-and-Events-3\" title=\"Mayan-Show-Cancun-wedding-and-Events-3\" \/>\t\t\t\t\t\t\t\t<\/a>\n\t\t\t\t\t\t\t\t\t\t\t\t\t\t\t<\/div>\n\t\t\t\t\t\t<\/div>\n\t\t\t\t\t\t\t\t\t\t\t\t\t\t\t\t\t\t<div class=\"vc_item\">\n\t\t\t\t\t\t\t<div class=\"vc_inner\">\n\t\t\t\t\t\t\t\t\t\t\t\t\t\t\t\t\t\t\t\t\t\t\t\t<a class=\"prettyphoto\"\n\t\t\t\t\t\t\t\t   href=\"http:\/\/www.dezibel.com.mx\/espanol\/wp-content\/uploads\/2016\/01\/704176_456872424370559_744685411_o.jpg\"  rel=\"prettyPhoto[rel-6347-1528099894]\">\n\t\t\t\t\t\t\t\t\t<img class=\"\" src=\"http:\/\/www.dezibel.com.mx\/espanol\/wp-content\/uploads\/2016\/01\/704176_456872424370559_744685411_o-500x500.jpg\" width=\"500\" height=\"500\" alt=\"Mayan-Show-Cancun-wedding-and-Events-3\" title=\"704176_456872424370559_744685411_o\" \/>\t\t\t\t\t\t\t\t<\/a>\n\t\t\t\t\t\t\t\t\t\t\t\t\t\t\t<\/div>\n\t\t\t\t\t\t<\/div>\n\t\t\t\t\t\t\t\t\t\t\t\t\t\t\t\t\t\t<div class=\"vc_item\">\n\t\t\t\t\t\t\t<div class=\"vc_inner\">\n\t\t\t\t\t\t\t\t\t\t\t\t\t\t\t\t\t\t\t\t\t\t\t\t<a class=\"prettyphoto\"\n\t\t\t\t\t\t\t\t   href=\"http:\/\/www.dezibel.com.mx\/espanol\/wp-content\/uploads\/2016\/01\/IMG_6662-1024x683.jpg\"  rel=\"prettyPhoto[rel-6347-1528099894]\">\n\t\t\t\t\t\t\t\t\t<img class=\"\" src=\"http:\/\/www.dezibel.com.mx\/espanol\/wp-content\/uploads\/2016\/01\/IMG_6662-500x500.jpg\" width=\"500\" height=\"500\" alt=\"Mayan-Show-Cancun-wedding-and-Events-3\" title=\"IMG_6662\" \/>\t\t\t\t\t\t\t\t<\/a>\n\t\t\t\t\t\t\t\t\t\t\t\t\t\t\t<\/div>\n\t\t\t\t\t\t<\/div>\n\t\t\t\t\t\t\t\t\t\t\t\t\t\t\t\t\t\t<div class=\"vc_item\">\n\t\t\t\t\t\t\t<div class=\"vc_inner\">\n\t\t\t\t\t\t\t\t\t\t\t\t\t\t\t\t\t\t\t\t\t\t\t\t<a class=\"prettyphoto\"\n\t\t\t\t\t\t\t\t   href=\"http:\/\/www.dezibel.com.mx\/espanol\/wp-content\/uploads\/2016\/01\/IMG_6734-1024x683.jpg\"  rel=\"prettyPhoto[rel-6347-1528099894]\">\n\t\t\t\t\t\t\t\t\t<img class=\"\" src=\"http:\/\/www.dezibel.com.mx\/espanol\/wp-content\/uploads\/2016\/01\/IMG_6734-500x500.jpg\" width=\"500\" height=\"500\" alt=\"Mayan-Show-Cancun-wedding-and-Events-3\" title=\"IMG_6734\" \/>\t\t\t\t\t\t\t\t<\/a>\n\t\t\t\t\t\t\t\t\t\t\t\t\t\t\t<\/div>\n\t\t\t\t\t\t<\/div>\n\t\t\t\t\t\t\t\t\t\t\t\t\t\t\t\t\t\t<div class=\"vc_item\">\n\t\t\t\t\t\t\t<div class=\"vc_inner\">\n\t\t\t\t\t\t\t\t\t\t\t\t\t\t\t\t\t\t\t\t\t\t\t\t<a class=\"prettyphoto\"\n\t\t\t\t\t\t\t\t   href=\"http:\/\/www.dezibel.com.mx\/espanol\/wp-content\/uploads\/2016\/01\/Wedding-cancun-Planners-Mayan-ceremony-3-1024x683.jpg\"  rel=\"prettyPhoto[rel-6347-1528099894]\">\n\t\t\t\t\t\t\t\t\t<img class=\"\" src=\"http:\/\/www.dezibel.com.mx\/espanol\/wp-content\/uploads\/2016\/01\/Wedding-cancun-Planners-Mayan-ceremony-3-500x500.jpg\" width=\"500\" height=\"500\" alt=\"Mayan-Show-Cancun-wedding-and-Events-3\" title=\"Wedding cancun-Planners-Mayan ceremony--3\" \/>\t\t\t\t\t\t\t\t<\/a>\n\t\t\t\t\t\t\t\t\t\t\t\t\t\t\t<\/div>\n\t\t\t\t\t\t<\/div>\n\t\t\t\t\t\t\t\t\t\t\t\t\t\t\t\t\t\t<div class=\"vc_item\">\n\t\t\t\t\t\t\t<div class=\"vc_inner\">\n\t\t\t\t\t\t\t\t\t\t\t\t\t\t\t\t\t\t\t\t\t\t\t\t<a class=\"prettyphoto\"\n\t\t\t\t\t\t\t\t   href=\"http:\/\/www.dezibel.com.mx\/espanol\/wp-content\/uploads\/2016\/01\/Wedding-cancun-Planners-Mayan-ceremony-9-1024x683.jpg\"  rel=\"prettyPhoto[rel-6347-1528099894]\">\n\t\t\t\t\t\t\t\t\t<img class=\"\" src=\"http:\/\/www.dezibel.com.mx\/espanol\/wp-content\/uploads\/2016\/01\/Wedding-cancun-Planners-Mayan-ceremony-9-500x500.jpg\" width=\"500\" height=\"500\" alt=\"Mayan-Show-Cancun-wedding-and-Events-3\" title=\"Wedding cancun-Planners-Mayan ceremony--9\" \/>\t\t\t\t\t\t\t\t<\/a>\n\t\t\t\t\t\t\t\t\t\t\t\t\t\t\t<\/div>\n\t\t\t\t\t\t<\/div>\n\t\t\t\t\t\t\t\t\t\t\t\t\t\t\t\t\t\t<div class=\"vc_item\">\n\t\t\t\t\t\t\t<div class=\"vc_inner\">\n\t\t\t\t\t\t\t\t\t\t\t\t\t\t\t\t\t\t\t\t\t\t\t\t<a class=\"prettyphoto\"\n\t\t\t\t\t\t\t\t   href=\"http:\/\/www.dezibel.com.mx\/espanol\/wp-content\/uploads\/2016\/01\/IMG_6627-1024x683.jpg\"  rel=\"prettyPhoto[rel-6347-1528099894]\">\n\t\t\t\t\t\t\t\t\t<img class=\"\" src=\"http:\/\/www.dezibel.com.mx\/espanol\/wp-content\/uploads\/2016\/01\/IMG_6627-500x500.jpg\" width=\"500\" height=\"500\" alt=\"Mayan-Show-Cancun-wedding-and-Events-3\" title=\"IMG_6627\" \/>\t\t\t\t\t\t\t\t<\/a>\n\t\t\t\t\t\t\t\t\t\t\t\t\t\t\t<\/div>\n\t\t\t\t\t\t<\/div>\n\t\t\t\t\t\t\t\t\t\t\t\t\t\t\t\t\t\t<div class=\"vc_item\">\n\t\t\t\t\t\t\t<div class=\"vc_inner\">\n\t\t\t\t\t\t\t\t\t\t\t\t\t\t\t\t\t\t\t\t\t\t\t\t<a class=\"prettyphoto\"\n\t\t\t\t\t\t\t\t   href=\"http:\/\/www.dezibel.com.mx\/espanol\/wp-content\/uploads\/2016\/01\/IMG_6639-683x1024.jpg\"  rel=\"prettyPhoto[rel-6347-1528099894]\">\n\t\t\t\t\t\t\t\t\t<img class=\"\" src=\"http:\/\/www.dezibel.com.mx\/espanol\/wp-content\/uploads\/2016\/01\/IMG_6639-500x500.jpg\" width=\"500\" height=\"500\" alt=\"Mayan-Show-Cancun-wedding-and-Events-3\" title=\"IMG_6639\" \/>\t\t\t\t\t\t\t\t<\/a>\n\t\t\t\t\t\t\t\t\t\t\t\t\t\t\t<\/div>\n\t\t\t\t\t\t<\/div>\n\t\t\t\t\t\t\t\t\t\t\t<\/div>\n\t\t\t\t<\/div>\n\t\t\t<\/div>\n\t\t\t\t\t\t<!-- Controls -->\n\t\t\t<a class=\"vc_left vc_carousel-control\" href=\"#vc_images-carousel-1-1776439338\" data-slide=\"prev\">\n\t\t\t\t<span class=\"icon-prev\"><\/span>\n\t\t\t<\/a>\n\t\t\t<a class=\"vc_right vc_carousel-control\" href=\"#vc_images-carousel-1-1776439338\" data-slide=\"next\">\n\t\t\t\t<span class=\"icon-next\"><\/span>\n\t\t\t<\/a>\n\t\t\t\t\t<\/div>\n\t<\/div><\/div><hr class=\"vertical-space1\">\n\t\t<\/div> \n\t<\/div> \n\n\t<div class=\"vc_col-sm-4 wpb_column vc_column_container \">\n\t\t<div class=\"wpb_wrapper\">\n\t\t\t<hr class=\"vertical-space1\"><section class=\"wpb_row vc_row-fluid\">\n\t<div class=\"vc_col-sm-4 wpb_column vc_column_container \">\n\t\t<div class=\"wpb_wrapper\">\n\t\t\t<div class=\"fb_like wpb_content_element fb_type_button_count\"><iframe src=\"http:\/\/www.facebook.com\/plugins\/like.php?href=http:\/\/www.dezibel.com.mx\/espanol\/show-prehispanico-maya\/&amp;layout=button_count&amp;show_faces=false&amp;action=like&amp;colorscheme=light\" scrolling=\"no\" frameborder=\"0\" allowTransparency=\"true\"><\/iframe><\/div>\n\n\t\t<\/div> \n\t<\/div> \n\n\t<div class=\"vc_col-sm-4 wpb_column vc_column_container \">\n\t\t<div class=\"wpb_wrapper\">\n\t\t\t<a href=\"http:\/\/twitter.com\/share\" class=\"twitter-share-button\" data-count=\"horizontal\">Tweet<\/a><script type=\"text\/javascript\" src=\"http:\/\/platform.twitter.com\/widgets.js\"><\/script>\n\n\t\t<\/div> \n\t<\/div> \n\n\t<div class=\"vc_col-sm-4 wpb_column vc_column_container \">\n\t\t<div class=\"wpb_wrapper\">\n\t\t\t<div class=\"wpb_googleplus wpb_content_element wpb_googleplus_type_medium\"><g:plusone size=\"medium\" ><\/g:plusone><\/div>\n\n\t\t<\/div> \n\t<\/div> \n<\/section>\n\t<div class=\"wpb_text_column wpb_content_element \">\n\t\t<div class=\"wpb_wrapper\">\n\t\t\t<h3>Show Prehisp\u00e1nicao (Maya)<\/h3>\n<p>Las funciones del performance maya es el elemento sorpresa ideal para su boda o su evento corporativo, donde se puede revivir una sorprendente civilizaci\u00f3n maya, llena de cultura y misticismo.<br \/>\nLa noche de su boda o evento, ya sea en Canc\u00fan, Riviera Maya y Tulum ser\u00e1n testigos de un aut\u00e9ntico ritual maya con bailarines profesionales y los trajes de la regionales mayas.<\/p>\n\n\t\t<\/div> \n\t<\/div> <hr class=\"vertical-space1\"><hr class=\"vertical-space1\">\n\t\t<\/div> \n\t<\/div> \n<\/div><\/div><\/section><section class=\"container\"><div class=\"row-wrapper-x\"><section class=\"wpb_row vc_row-fluid\">\n\t<div class=\"vc_col-sm-12 wpb_column vc_column_container \">\n\t\t<div class=\"wpb_wrapper\">\n\t\t\t<hr class=\"vertical-space1\"><div class=\"sec-divider\"><div class=\"cir fa-magic\" style=\" color:#000000;\"><\/div><\/div>\n\t\t<\/div> \n\t<\/div> \n<\/section>\n","protected":false},"excerpt":{"rendered":"Tweet Show Prehisp\u00e1nicao (Maya) Las funciones del performance maya es el elemento sorpresa ideal para su boda o su evento corporativo, donde se puede revivir una sorprendente civilizaci\u00f3n maya, llena de cultura y misticismo. La noche de su boda o evento,... <br><br><a class=\"readmore\" href=\"http:\/\/www.dezibel.com.mx\/espanol\/show-prehispanico-maya\/\">Read More<\/a>","protected":false},"author":1,"featured_media":0,"parent":0,"menu_order":0,"comment_status":"closed","ping_status":"closed","template":"","meta":[],"_links":{"self":[{"href":"http:\/\/www.dezibel.com.mx\/espanol\/wp-json\/wp\/v2\/pages\/6347"}],"collection":[{"href":"http:\/\/www.dezibel.com.mx\/espanol\/wp-json\/wp\/v2\/pages"}],"about":[{"href":"http:\/\/www.dezibel.com.mx\/espanol\/wp-json\/wp\/v2\/types\/page"}],"author":[{"embeddable":true,"href":"http:\/\/www.dezibel.com.mx\/espanol\/wp-json\/wp\/v2\/users\/1"}],"replies":[{"embeddable":true,"href":"http:\/\/www.dezibel.com.mx\/espanol\/wp-json\/wp\/v2\/comments?post=6347"}],"version-history":[{"count":2,"href":"http:\/\/www.dezibel.com.mx\/espanol\/wp-json\/wp\/v2\/pages\/6347\/revisions"}],"predecessor-version":[{"id":8026,"href":"http:\/\/www.dezibel.com.mx\/espanol\/wp-json\/wp\/v2\/pages\/6347\/revisions\/8026"}],"wp:attachment":[{"href":"http:\/\/www.dezibel.com.mx\/espanol\/wp-json\/wp\/v2\/media?parent=6347"}],"curies":[{"name":"wp","href":"https:\/\/api.w.org\/{rel}","templated":true}]}}