{"id":6249,"date":"2016-01-02T10:02:31","date_gmt":"2016-01-02T16:02:31","guid":{"rendered":"http:\/\/www.dezibel.com.mx\/?page_id=6249"},"modified":"2016-09-10T12:31:29","modified_gmt":"2016-09-10T18:31:29","slug":"extras-para-bodas","status":"publish","type":"page","link":"http:\/\/www.dezibel.com.mx\/espanol\/extras-para-bodas\/","title":{"rendered":"Extras"},"content":{"rendered":"<section class=\"wpb_row vc_row-fluid\">\n\t<div class=\"vc_col-sm-12 wpb_column vc_column_container \">\n\t\t<div class=\"wpb_wrapper\">\n\t\t\t<div class=\"sec-divider\"><div class=\"cir li_heart\" style=\"\"><\/div><\/div>\n\t\t<\/div> \n\t<\/div> \n<\/section><section class=\"wpb_row vc_row-fluid\">\n\t<div class=\"vc_col-sm-4 wpb_column vc_column_container \">\n\t\t<div class=\"wpb_wrapper\">\n\t\t\t<article class=\"icon-box8\"><a href='http:\/\/www.dezibel.com.mx\/espanol\/pirotecnia\/'><img src=\"http:\/\/www.dezibel.com.mx\/espanol\/wp-content\/uploads\/2016\/01\/YvetteHector256.jpg\" \/><\/a><h4>Fuegos Artificiales<\/h4><p>No hay mejor manera de celebrar el final de un d\u00eda perfecto que iluminar el cielo con un elegante espect\u00e1culo de fuegos artificiales resplandeciendo al ritmo de la m\u00fasica musicales.<\/p>\n<\/p><a class=\"magicmore\" href=\"http:\/\/www.dezibel.com.mx\/espanol\/pirotecnia\/\">Ver M\u00e1s<\/a><\/article>\n\t\t<\/div> \n\t<\/div> \n\n\t<div class=\"vc_col-sm-4 wpb_column vc_column_container \">\n\t\t<div class=\"wpb_wrapper\">\n\t\t\t<article class=\"icon-box8\"><a href='http:\/\/www.dezibel.com.mx\/espanol\/globos-helio\/'><img src=\"http:\/\/www.dezibel.com.mx\/espanol\/wp-content\/uploads\/2016\/01\/www.mavellee.com-palomas2.jpg\" \/><\/a><h4>Globos de Helio<\/h4><p>Los globos de helio son una de nuestras actividades favoritas para hacer en una boda algo espectacular. Los globos son biodegradables, ayudando a no contaminar el medio ambiente.<\/p>\n<\/p><a class=\"magicmore\" href=\"http:\/\/www.dezibel.com.mx\/espanol\/globos-helio\/\">Ver M\u00e1s<\/a><\/article>\n\t\t<\/div> \n\t<\/div> \n\n\t<div class=\"vc_col-sm-4 wpb_column vc_column_container \">\n\t\t<div class=\"wpb_wrapper\">\n\t\t\t<article class=\"icon-box8\"><a href='http:\/\/www.dezibel.com.mx\/espanol\/barriles\/'><img src=\"http:\/\/www.dezibel.com.mx\/espanol\/wp-content\/uploads\/2016\/01\/Barrels-and-Towers-Cancun-Wedding.jpg\" \/><\/a><h4>Barriles<\/h4><p>Los barriles son la opci\u00f3n perfecta para complementar una boda al aire libre, especialmente si su tematica es mas elegante y r\u00fastico.<\/p>\n<\/p><a class=\"magicmore\" href=\"http:\/\/www.dezibel.com.mx\/espanol\/barriles\/\">Ver M\u00e1s <\/a><\/article>\n\t\t<\/div> \n\t<\/div> \n<\/section><section class=\"wpb_row vc_row-fluid\">\n\t<div class=\"vc_col-sm-4 wpb_column vc_column_container \">\n\t\t<div class=\"wpb_wrapper\">\n\t\t\t<article class=\"icon-box8\"><a href='http:\/\/www.dezibel.com.mx\/espanol\/bengalas\/'><img src=\"http:\/\/www.dezibel.com.mx\/espanol\/wp-content\/uploads\/2016\/01\/Wedding-cancun-Planners-sparklers-in-weddings-_-14.jpg\" \/><\/a><h4>Bengalas<\/h4><p>Usted puede dar a cada uno de sus invitados bengalas e iluminar su primer baile como marido y mujer.<\/p>\n<\/p><a class=\"magicmore\" href=\"http:\/\/www.dezibel.com.mx\/espanol\/bengalas\/\">Ver M\u00e1s <\/a><\/article>\n\t\t<\/div> \n\t<\/div> \n\n\t<div class=\"vc_col-sm-4 wpb_column vc_column_container \">\n\t\t<div class=\"wpb_wrapper\">\n\t\t\t<article class=\"icon-box8\"><a href='http:\/\/www.dezibel.com.mx\/espanol\/props\/'><img src=\"http:\/\/www.dezibel.com.mx\/espanol\/wp-content\/uploads\/2016\/01\/Wedding-cancun-Planners-Props-photobooth-Photos-with-props-Props-for-weddings-14.jpg\" \/><\/a><h4>Props<\/h4><p>De repente todos en la boda se acurrucan en un sillon con bigotes y pelucas, bailan en la pista con sombreros y carteles.<\/p>\n<\/p><a class=\"magicmore\" href=\"http:\/\/www.dezibel.com.mx\/espanol\/props\/\">Ver M\u00e1s <\/a><\/article>\n\t\t<\/div> \n\t<\/div> \n\n\t<div class=\"vc_col-sm-4 wpb_column vc_column_container \">\n\t\t<div class=\"wpb_wrapper\">\n\t\t\t<article class=\"icon-box8\"><a href='http:\/\/www.dezibel.com.mx\/espanol\/photobooth\/'><img src=\"http:\/\/www.dezibel.com.mx\/espanol\/wp-content\/uploads\/2016\/01\/Photobooth-Wedding-and-Events-15.jpg\" \/><\/a><h4>Photobooth<\/h4><p>Las cabinas de fotos son muy divertidas, para crear las fotos que tu creatividad e imaginacion te permitan.<\/p>\n<\/p><a class=\"magicmore\" href=\"http:\/\/www.dezibel.com.mx\/espanol\/photobooth\/\">Ver M\u00e1s <\/a><\/article>\n\t\t<\/div> \n\t<\/div> \n<\/section>\n","protected":false},"excerpt":{"rendered":"Fuegos ArtificialesNo hay mejor manera de celebrar el final de un d\u00eda perfecto que iluminar el cielo con un elegante espect\u00e1culo de fuegos artificiales resplandeciendo al ritmo de la m\u00fasica musicales. Ver M\u00e1s Globos de HelioLos globos de helio son una... <br><br><a class=\"readmore\" href=\"http:\/\/www.dezibel.com.mx\/espanol\/extras-para-bodas\/\">Read More<\/a>","protected":false},"author":1,"featured_media":0,"parent":0,"menu_order":0,"comment_status":"closed","ping_status":"closed","template":"","meta":[],"_links":{"self":[{"href":"http:\/\/www.dezibel.com.mx\/espanol\/wp-json\/wp\/v2\/pages\/6249"}],"collection":[{"href":"http:\/\/www.dezibel.com.mx\/espanol\/wp-json\/wp\/v2\/pages"}],"about":[{"href":"http:\/\/www.dezibel.com.mx\/espanol\/wp-json\/wp\/v2\/types\/page"}],"author":[{"embeddable":true,"href":"http:\/\/www.dezibel.com.mx\/espanol\/wp-json\/wp\/v2\/users\/1"}],"replies":[{"embeddable":true,"href":"http:\/\/www.dezibel.com.mx\/espanol\/wp-json\/wp\/v2\/comments?post=6249"}],"version-history":[{"count":4,"href":"http:\/\/www.dezibel.com.mx\/espanol\/wp-json\/wp\/v2\/pages\/6249\/revisions"}],"predecessor-version":[{"id":8295,"href":"http:\/\/www.dezibel.com.mx\/espanol\/wp-json\/wp\/v2\/pages\/6249\/revisions\/8295"}],"wp:attachment":[{"href":"http:\/\/www.dezibel.com.mx\/espanol\/wp-json\/wp\/v2\/media?parent=6249"}],"curies":[{"name":"wp","href":"https:\/\/api.w.org\/{rel}","templated":true}]}}