{"id":6238,"date":"2016-01-02T09:12:49","date_gmt":"2016-01-02T15:12:49","guid":{"rendered":"http:\/\/www.dezibel.com.mx\/?page_id=6238"},"modified":"2016-09-10T12:25:14","modified_gmt":"2016-09-10T18:25:14","slug":"ceremonias","status":"publish","type":"page","link":"http:\/\/www.dezibel.com.mx\/espanol\/ceremonias\/","title":{"rendered":"Ceremonias"},"content":{"rendered":"<section class=\"wpb_row vc_row-fluid\">\n\t<div class=\"vc_col-sm-4 wpb_column vc_column_container \">\n\t\t<div class=\"wpb_wrapper\">\n\t\t\t<article class=\"icon-box8\"><a href='http:\/\/www.dezibel.com.mx\/espanol\/ceremonia-maya\/'><img src=\"http:\/\/www.dezibel.com.mx\/espanol\/wp-content\/uploads\/2016\/01\/Mayan-Ceremony-Cancun-Beach-Wedding-6.jpg\" \/><\/a><h4>Ceremonia Maya<\/h4><p>La ceremonia maya tienen lugar generalmente en una playa o sitios arqueol\u00f3gicos, los destinos ubicados en la regi\u00f3n maya de M\u00e9xico<br \/>\n<\/p><a class=\"magicmore\" href=\"http:\/\/www.dezibel.com.mx\/espanol\/ceremonia-maya\/\">Ver M\u00e1s<\/a><\/article><article class=\"icon-box8\"><a href='http:\/\/www.dezibel.com.mx\/espanol\/ceremonia-religiosa\/'><img src=\"http:\/\/www.dezibel.com.mx\/espanol\/wp-content\/uploads\/2016\/01\/Wedding-cancun-Planners-Ceremony-at-the-beach-Awesome-view-102.jpg\" \/><\/a><h4>Ceremonia Religiosa <\/h4><p>Decir \u00a1Acepto! en una hermosa capilla es sin duda el sue\u00f1o de bodas que toda mujer tiene.<br \/>\n<\/p><a class=\"magicmore\" href=\"http:\/\/www.dezibel.com.mx\/espanol\/ceremonia-religiosa\/\">Ver M\u00e1s<\/a><\/article>\n\t\t<\/div> \n\t<\/div> \n\n\t<div class=\"vc_col-sm-4 wpb_column vc_column_container \">\n\t\t<div class=\"wpb_wrapper\">\n\t\t\t<article class=\"icon-box8\"><a href='http:\/\/www.dezibel.com.mx\/espanol\/ceremonia-simbolica\/'><img src=\"http:\/\/www.dezibel.com.mx\/espanol\/wp-content\/uploads\/2016\/01\/Wedding-cancun-Planners-Ceremony-at-the-beach-Awesome-view-162.jpg\" \/><\/a><h4>Ceremonia Simbolica<\/h4><p>\nLas ceremonias simbolicas tienen los mismos elementos que una religiosa.<\/p>\n<\/p><a class=\"magicmore\" href=\"http:\/\/www.dezibel.com.mx\/espanol\/ceremonia-simbolica\/\">Ver M\u00e1s<\/a><\/article>\n\t\t<\/div> \n\t<\/div> \n\n\t<div class=\"vc_col-sm-4 wpb_column vc_column_container \">\n\t\t<div class=\"wpb_wrapper\">\n\t\t\t<article class=\"icon-box8\"><a href='http:\/\/www.dezibel.com.mx\/espanol\/ceremonias-hindu\/'><img src=\"http:\/\/www.dezibel.com.mx\/espanol\/wp-content\/uploads\/2016\/01\/Beach-Weddings-Cancun-Planners-Tatoo-Mehndi-55.jpg\" \/><\/a><h4>Ceremonia Hindu<\/h4><p>A trav\u00e9s de los a\u00f1os las bodas hind\u00fa en Canc\u00fan y Riviera Maya ha ido en aumento.<\/p>\n<\/p><a class=\"magicmore\" href=\"http:\/\/www.dezibel.com.mx\/espanol\/ceremonias-hindu\/\">Ver M\u00e1s<\/a><\/article>\n\t\t<\/div> \n\t<\/div> \n<\/section>\n","protected":false},"excerpt":{"rendered":"Ceremonia MayaLa ceremonia maya tienen lugar generalmente en una playa o sitios arqueol\u00f3gicos, los destinos ubicados en la regi\u00f3n maya de M\u00e9xico Ver M\u00e1sCeremonia Religiosa Decir \u00a1Acepto! en una hermosa capilla es sin duda el sue\u00f1o de bodas que toda mujer... <br><br><a class=\"readmore\" href=\"http:\/\/www.dezibel.com.mx\/espanol\/ceremonias\/\">Read More<\/a>","protected":false},"author":1,"featured_media":0,"parent":0,"menu_order":0,"comment_status":"closed","ping_status":"closed","template":"","meta":[],"_links":{"self":[{"href":"http:\/\/www.dezibel.com.mx\/espanol\/wp-json\/wp\/v2\/pages\/6238"}],"collection":[{"href":"http:\/\/www.dezibel.com.mx\/espanol\/wp-json\/wp\/v2\/pages"}],"about":[{"href":"http:\/\/www.dezibel.com.mx\/espanol\/wp-json\/wp\/v2\/types\/page"}],"author":[{"embeddable":true,"href":"http:\/\/www.dezibel.com.mx\/espanol\/wp-json\/wp\/v2\/users\/1"}],"replies":[{"embeddable":true,"href":"http:\/\/www.dezibel.com.mx\/espanol\/wp-json\/wp\/v2\/comments?post=6238"}],"version-history":[{"count":10,"href":"http:\/\/www.dezibel.com.mx\/espanol\/wp-json\/wp\/v2\/pages\/6238\/revisions"}],"predecessor-version":[{"id":8293,"href":"http:\/\/www.dezibel.com.mx\/espanol\/wp-json\/wp\/v2\/pages\/6238\/revisions\/8293"}],"wp:attachment":[{"href":"http:\/\/www.dezibel.com.mx\/espanol\/wp-json\/wp\/v2\/media?parent=6238"}],"curies":[{"name":"wp","href":"https:\/\/api.w.org\/{rel}","templated":true}]}}