{"id":6220,"date":"2015-12-31T16:51:18","date_gmt":"2015-12-31T22:51:18","guid":{"rendered":"http:\/\/www.dezibel.com.mx\/?page_id=6220"},"modified":"2016-09-10T12:18:10","modified_gmt":"2016-09-10T18:18:10","slug":"decoracion-bodas-eventos","status":"publish","type":"page","link":"http:\/\/www.dezibel.com.mx\/espanol\/decoracion-bodas-eventos\/","title":{"rendered":"Decoraci\u00f3n De Bodas y Eventos"},"content":{"rendered":"<section class=\"wpb_row vc_row-fluid\">\n\t<div class=\"vc_col-sm-12 wpb_column vc_column_container \">\n\t\t<div class=\"wpb_wrapper\">\n\t\t\t<div class=\"sec-divider\"><div class=\"cir li_heart\" style=\"\"><\/div><\/div>\n\t\t<\/div> \n\t<\/div> \n<\/section><section class=\"wpb_row vc_row-fluid\">\n\t<div class=\"vc_col-sm-4 wpb_column vc_column_container \">\n\t\t<div class=\"wpb_wrapper\">\n\t\t\t<article class=\"icon-box8\"><a href='http:\/\/www.dezibel.com.mx\/espanol\/letras-gigantes\/'><img src=\"http:\/\/www.dezibel.com.mx\/espanol\/wp-content\/uploads\/2015\/12\/Large-letters-decor-Wedding-and-event-productions.jpg\" \/><\/a><h4>Letras Gigantes<\/h4><p>Un atractivo visual sin duda es poner las iniciales de los novios junto al mar, igual es la mejor forma de sacar las mejores fotos.<\/p>\n<\/p><a class=\"magicmore\" href=\"http:\/\/www.dezibel.com.mx\/espanol\/letras-gigantes\/\">Ver M\u00e1s <\/a><\/article>\n\t\t<\/div> \n\t<\/div> \n\n\t<div class=\"vc_col-sm-4 wpb_column vc_column_container \">\n\t\t<div class=\"wpb_wrapper\">\n\t\t\t<article class=\"icon-box8\"><a href='http:\/\/www.dezibel.com.mx\/espanol\/letras-love-iluminadas\/'><img src=\"http:\/\/www.dezibel.com.mx\/espanol\/wp-content\/uploads\/2015\/12\/Letters-String-Lights-Decor-Cancun-Riviera.jpg\" \/><\/a><h4>Letras LOVE Iluminadas <\/h4><p>Es un buen complemento para todas las bodas, agrega un toque Vintage y esbuena forma manera de iluminar el amor.<\/p>\n<\/p><a class=\"magicmore\" href=\"http:\/\/www.dezibel.com.mx\/espanol\/letras-love-iluminadas\/\">Ver M\u00e1s <\/a><\/article>\n\t\t<\/div> \n\t<\/div> \n\n\t<div class=\"vc_col-sm-4 wpb_column vc_column_container \">\n\t\t<div class=\"wpb_wrapper\">\n\t\t\t<article class=\"icon-box8\"><a href='http:\/\/www.dezibel.com.mx\/espanol\/telares\/'><img src=\"http:\/\/www.dezibel.com.mx\/espanol\/wp-content\/uploads\/2015\/12\/wedding-chairs-36.jpg\" \/><\/a><h4>Telares<\/h4><p>Nuestros telares pueden transformar cualquier suite de horel, espacios al aire libre, combinandolo con otros elementos crean el ambiente perfento.<\/p>\n<\/p><a class=\"magicmore\" href=\"http:\/\/www.dezibel.com.mx\/espanol\/telares\/\">Ver M\u00e1s <\/a><\/article>\n\t\t<\/div> \n\t<\/div> \n<\/section><section class=\"wpb_row vc_row-fluid\">\n\t<div class=\"vc_col-sm-4 wpb_column vc_column_container \">\n\t\t<div class=\"wpb_wrapper\">\n\t\t\t<article class=\"icon-box8\"><a href='http:\/\/www.dezibel.com.mx\/espanol\/cortinas\/'><img src=\"http:\/\/www.dezibel.com.mx\/espanol\/wp-content\/uploads\/2015\/12\/wedding-chairs-29.jpg\" \/><\/a><h4>Cortinas<\/h4><p>Una forma muy efectiva para suavizar el ambiente de tu locaci\u00f3n, transformando el lugar en un estaci\u00f3 \u00fanico y especial.<\/p>\n<\/p><a class=\"magicmore\" href=\"http:\/\/www.dezibel.com.mx\/espanol\/cortinas\/\">Ver M\u00e1s<\/a><\/article>\n\t\t<\/div> \n\t<\/div> \n\n\t<div class=\"vc_col-sm-4 wpb_column vc_column_container \">\n\t\t<div class=\"wpb_wrapper\">\n\t\t\t<article class=\"icon-box8\"><a href='http:\/\/www.dezibel.com.mx\/espanol\/antorchas-decoracion\/'><img src=\"http:\/\/www.dezibel.com.mx\/espanol\/wp-content\/uploads\/2015\/12\/Torches-cancun-beach-wedding-3.jpg\" \/><\/a><h4>Antorchas<\/h4><p>Las antorchas como decoraci\u00f3n de bodas o eventos son perfectos en el atardecer. son la decoracion ideal cuando se hace una boda en la playa o lugares al aire libre.<\/p>\n<\/p><a class=\"magicmore\" href=\"http:\/\/www.dezibel.com.mx\/espanol\/antorchas-decoracion\/\">Ver M\u00e1s <\/a><\/article>\n\t\t<\/div> \n\t<\/div> \n\n\t<div class=\"vc_col-sm-4 wpb_column vc_column_container \">\n\t\t<div class=\"wpb_wrapper\">\n\t\t\t<article class=\"icon-box8\"><a href='http:\/\/www.dezibel.com.mx\/espanol\/red-de-deseos\/'><img src=\"http:\/\/www.dezibel.com.mx\/espanol\/wp-content\/uploads\/2015\/12\/Red-de-los-deseos-15.jpg\" \/><\/a><h4>Red de Deseos<\/h4><p>No hay nada m\u00e1s emotivo que poder leer todos los buenos deseos que sus seres queridos quieren para los reci\u00e9n casados.<\/p>\n<\/p><a class=\"magicmore\" href=\"http:\/\/www.dezibel.com.mx\/espanol\/red-de-deseos\/\">Ver M\u00e1s <\/a><\/article>\n\t\t<\/div> \n\t<\/div> \n<\/section><section class=\"wpb_row vc_row-fluid\">\n\t<div class=\"vc_col-sm-4 wpb_column vc_column_container \">\n\t\t<div class=\"wpb_wrapper\">\n\t\t\t<article class=\"icon-box8\"><a href='http:\/\/www.dezibel.com.mx\/espanol\/velas-decoracion\/'><img src=\"http:\/\/www.dezibel.com.mx\/espanol\/wp-content\/uploads\/2015\/12\/wedding-chairs-2.jpg\" \/><\/a><h4>Velas<\/h4><p>No hay nada mas dram\u00e1tico y rom\u00e1ntico que entrar a una habitacion lleno de velas ilunimando con una luz calida.<\/p>\n<\/p><a class=\"magicmore\" href=\"http:\/\/www.dezibel.com.mx\/espanol\/velas-decoracion\/\">Ver M\u00e1s <\/a><\/article>\n\t\t<\/div> \n\t<\/div> \n\n\t<div class=\"vc_col-sm-4 wpb_column vc_column_container \">\n\t\t<div class=\"wpb_wrapper\">\n\t\t\t\n\t<div class=\"wpb_text_column wpb_content_element \">\n\t\t<div class=\"wpb_wrapper\">\n\t\t\t\n\t\t<\/div> \n\t<\/div> \n\t\t<\/div> \n\t<\/div> \n\n\t<div class=\"vc_col-sm-4 wpb_column vc_column_container \">\n\t\t<div class=\"wpb_wrapper\">\n\t\t\t\n\t<div class=\"wpb_text_column wpb_content_element \">\n\t\t<div class=\"wpb_wrapper\">\n\t\t\t\n\t\t<\/div> \n\t<\/div> \n\t\t<\/div> \n\t<\/div> \n<\/section>\n","protected":false},"excerpt":{"rendered":"Letras GigantesUn atractivo visual sin duda es poner las iniciales de los novios junto al mar, igual es la mejor forma de sacar las mejores fotos. Ver M\u00e1s Letras LOVE Iluminadas Es un buen complemento para todas las bodas, agrega un... <br><br><a class=\"readmore\" href=\"http:\/\/www.dezibel.com.mx\/espanol\/decoracion-bodas-eventos\/\">Read More<\/a>","protected":false},"author":1,"featured_media":0,"parent":0,"menu_order":0,"comment_status":"closed","ping_status":"closed","template":"","meta":[],"_links":{"self":[{"href":"http:\/\/www.dezibel.com.mx\/espanol\/wp-json\/wp\/v2\/pages\/6220"}],"collection":[{"href":"http:\/\/www.dezibel.com.mx\/espanol\/wp-json\/wp\/v2\/pages"}],"about":[{"href":"http:\/\/www.dezibel.com.mx\/espanol\/wp-json\/wp\/v2\/types\/page"}],"author":[{"embeddable":true,"href":"http:\/\/www.dezibel.com.mx\/espanol\/wp-json\/wp\/v2\/users\/1"}],"replies":[{"embeddable":true,"href":"http:\/\/www.dezibel.com.mx\/espanol\/wp-json\/wp\/v2\/comments?post=6220"}],"version-history":[{"count":5,"href":"http:\/\/www.dezibel.com.mx\/espanol\/wp-json\/wp\/v2\/pages\/6220\/revisions"}],"predecessor-version":[{"id":8290,"href":"http:\/\/www.dezibel.com.mx\/espanol\/wp-json\/wp\/v2\/pages\/6220\/revisions\/8290"}],"wp:attachment":[{"href":"http:\/\/www.dezibel.com.mx\/espanol\/wp-json\/wp\/v2\/media?parent=6220"}],"curies":[{"name":"wp","href":"https:\/\/api.w.org\/{rel}","templated":true}]}}