{"id":6192,"date":"2015-12-31T11:15:52","date_gmt":"2015-12-31T17:15:52","guid":{"rendered":"http:\/\/www.dezibel.com.mx\/?page_id=6192"},"modified":"2016-09-10T11:41:38","modified_gmt":"2016-09-10T17:41:38","slug":"musicos","status":"publish","type":"page","link":"http:\/\/www.dezibel.com.mx\/espanol\/musicos\/","title":{"rendered":"M\u00fasicos"},"content":{"rendered":"<section class=\"wpb_row vc_row-fluid\">\n\t<div class=\"vc_col-sm-12 wpb_column vc_column_container \">\n\t\t<div class=\"wpb_wrapper\">\n\t\t\t<hr class=\"vertical-space1\"><section class=\"wpb_row vc_row-fluid\">\n\t<div class=\"vc_col-sm-12 wpb_column vc_column_container \">\n\t\t<div class=\"wpb_wrapper\">\n\t\t\t<div class=\"sec-divider\"><div class=\"cir li_music\" style=\"\"><\/div><\/div>\n\t\t<\/div> \n\t<\/div> \n<\/section>\n\t\t<\/div> \n\t<\/div> \n<\/section><section class=\"wpb_row vc_row-fluid\">\n\t<div class=\"vc_col-sm-4 wpb_column vc_column_container \">\n\t\t<div class=\"wpb_wrapper\">\n\t\t\t<article class=\"icon-box8\"><a href='http:\/\/www.dezibel.com.mx\/espanol\/banda-vivo\/'><img src=\"http:\/\/www.dezibel.com.mx\/espanol\/wp-content\/uploads\/2015\/12\/www.mavellee.com-boda-en-cancun-165.jpg\" \/><\/a><h4>Banda en Vivo<\/h4><p>La m\u00fasica en vivo es la mejor forma de animar cualquier evento tambi\u00e9n es la forma de hacer bailar a sus invitados con ritmos que les guste a todo el mundo.<br \/>\n<\/p><a class=\"magicmore\" href=\"http:\/\/www.dezibel.com.mx\/espanol\/banda-vivo\/\">Ver M\u00e1s<\/a><\/article>\n\t\t<\/div> \n\t<\/div> \n\n\t<div class=\"vc_col-sm-4 wpb_column vc_column_container \">\n\t\t<div class=\"wpb_wrapper\">\n\t\t\t<article class=\"icon-box8\"><a href='http:\/\/www.dezibel.com.mx\/espanol\/mariachi\/'><img src=\"http:\/\/www.dezibel.com.mx\/espanol\/wp-content\/uploads\/2015\/12\/Wedding-cancun-Planners-Mariachi_-5.jpg\" \/><\/a><h4>Mariachi<\/h4><p>El singular sonido de trompeta y de las armon\u00edas de las cuerdas con las excelentes voces del mariachi, es una combinaci\u00f3n incre\u00edble para su evento.<\/p>\n<\/p><a class=\"magicmore\" href=\"http:\/\/www.dezibel.com.mx\/espanol\/mariachi\/\">Ver M\u00e1s <\/a><\/article>\n\t\t<\/div> \n\t<\/div> \n\n\t<div class=\"vc_col-sm-4 wpb_column vc_column_container \">\n\t\t<div class=\"wpb_wrapper\">\n\t\t\t<article class=\"icon-box8\"><a href='http:\/\/www.dezibel.com.mx\/espanol\/violinista\/'><img src=\"http:\/\/www.dezibel.com.mx\/espanol\/wp-content\/uploads\/2015\/12\/Wedding-cancun-Planners-Violin-4.jpg\" \/><\/a><h4>Violinista<\/h4><p>\nLa experiencia de tocar para ceremonias y eventos de bodas. El viol\u00edn se acomoda a cualquier solicitud de m\u00fasica que pueda tener.<\/p>\n<\/p><a class=\"magicmore\" href=\"http:\/\/www.dezibel.com.mx\/espanol\/violinista\/\">Ver M\u00e1s<\/a><\/article>\n\t\t<\/div> \n\t<\/div> \n<\/section><section class=\"wpb_row vc_row-fluid\">\n\t<div class=\"vc_col-sm-4 wpb_column vc_column_container \">\n\t\t<div class=\"wpb_wrapper\">\n\t\t\t<article class=\"icon-box8\"><a href='http:\/\/www.dezibel.com.mx\/espanol\/saxofonista\/'><img src=\"http:\/\/www.dezibel.com.mx\/espanol\/wp-content\/uploads\/2015\/12\/Wedding-cancun-Planners-Musicians-27.jpg\" \/><\/a><h4>Saxofonista<\/h4><p>El saxof\u00f3n ha tenido una gran demanda en el entretenimiento en bodas, eventos corporativos y eventos especiales.<br \/>\n<\/p><a class=\"magicmore\" href=\"http:\/\/www.dezibel.com.mx\/espanol\/saxofonista\/\">Ver M\u00e1s <\/a><\/article>\n\t\t<\/div> \n\t<\/div> \n\n\t<div class=\"vc_col-sm-4 wpb_column vc_column_container \">\n\t\t<div class=\"wpb_wrapper\">\n\t\t\t<article class=\"icon-box8\"><a href='http:\/\/www.dezibel.com.mx\/espanol\/marimba\/'><img src=\"http:\/\/www.dezibel.com.mx\/espanol\/wp-content\/uploads\/2015\/12\/WWW.MAVELLEE.COM-Rodrigo-Brenda-138.jpg\" \/><\/a><h4>Marimba<\/h4><p>La marimba es un instrumento tradicional con un sonido muy peculiar, que se utiliza para dar un toque \u00fanico a eventos locales, este es un instrumento muy tradicional.<\/p>\n<\/p><a class=\"magicmore\" href=\"http:\/\/www.dezibel.com.mx\/espanol\/marimba\/\">Ver M\u00e1s<\/a><\/article>\n\t\t<\/div> \n\t<\/div> \n\n\t<div class=\"vc_col-sm-4 wpb_column vc_column_container \">\n\t\t<div class=\"wpb_wrapper\">\n\t\t\t<article class=\"icon-box8\"><a href='http:\/\/www.dezibel.com.mx\/espanol\/banda-sinaloense\/'><img src=\"http:\/\/www.dezibel.com.mx\/espanol\/wp-content\/uploads\/2015\/12\/Wedding-cancun-Planners-Musicians-54.jpg\" \/><\/a><h4>Banda Sinaloense<\/h4><p>Rom\u00e1ntica, alegre o melanc\u00f3lica, todas las cualidades de este pa\u00eds contadas en una fuente tradicional de musical grupera.<\/p>\n<\/p><a class=\"magicmore\" href=\"http:\/\/www.dezibel.com.mx\/espanol\/banda-sinaloense\/\">Ver M\u00e1s <\/a><\/article>\n\t\t<\/div> \n\t<\/div> \n<\/section><section class=\"wpb_row vc_row-fluid\">\n\t<div class=\"vc_col-sm-12 wpb_column vc_column_container \">\n\t\t<div class=\"wpb_wrapper\">\n\t\t\t<div class=\"sec-divider\"><div class=\"cir li_music\" style=\"\"><\/div><\/div>\n\t\t<\/div> \n\t<\/div> \n<\/section>\n","protected":false},"excerpt":{"rendered":"Banda en VivoLa m\u00fasica en vivo es la mejor forma de animar cualquier evento tambi\u00e9n es la forma de hacer bailar a sus invitados con ritmos que les guste a todo el mundo. Ver M\u00e1s MariachiEl singular sonido de trompeta y... <br><br><a class=\"readmore\" href=\"http:\/\/www.dezibel.com.mx\/espanol\/musicos\/\">Read More<\/a>","protected":false},"author":1,"featured_media":0,"parent":0,"menu_order":0,"comment_status":"closed","ping_status":"closed","template":"","meta":[],"_links":{"self":[{"href":"http:\/\/www.dezibel.com.mx\/espanol\/wp-json\/wp\/v2\/pages\/6192"}],"collection":[{"href":"http:\/\/www.dezibel.com.mx\/espanol\/wp-json\/wp\/v2\/pages"}],"about":[{"href":"http:\/\/www.dezibel.com.mx\/espanol\/wp-json\/wp\/v2\/types\/page"}],"author":[{"embeddable":true,"href":"http:\/\/www.dezibel.com.mx\/espanol\/wp-json\/wp\/v2\/users\/1"}],"replies":[{"embeddable":true,"href":"http:\/\/www.dezibel.com.mx\/espanol\/wp-json\/wp\/v2\/comments?post=6192"}],"version-history":[{"count":5,"href":"http:\/\/www.dezibel.com.mx\/espanol\/wp-json\/wp\/v2\/pages\/6192\/revisions"}],"predecessor-version":[{"id":8276,"href":"http:\/\/www.dezibel.com.mx\/espanol\/wp-json\/wp\/v2\/pages\/6192\/revisions\/8276"}],"wp:attachment":[{"href":"http:\/\/www.dezibel.com.mx\/espanol\/wp-json\/wp\/v2\/media?parent=6192"}],"curies":[{"name":"wp","href":"https:\/\/api.w.org\/{rel}","templated":true}]}}