{"id":6152,"date":"2015-12-30T16:29:25","date_gmt":"2015-12-30T22:29:25","guid":{"rendered":"http:\/\/www.dezibel.com.mx\/?page_id=6152"},"modified":"2016-09-10T10:27:23","modified_gmt":"2016-09-10T16:27:23","slug":"entretenimiento","status":"publish","type":"page","link":"http:\/\/www.dezibel.com.mx\/espanol\/entretenimiento\/","title":{"rendered":"Entretenimiento para Eventos"},"content":{"rendered":"<section class=\"wpb_row vc_row-fluid\">\n\t<div class=\"vc_col-sm-12 wpb_column vc_column_container \">\n\t\t<div class=\"wpb_wrapper\">\n\t\t\t<div class=\"sec-divider\"><div class=\"cir li_heart\" style=\"\"><\/div><\/div>\n\t\t<\/div> \n\t<\/div> \n<\/section><section class=\"wpb_row vc_row-fluid\">\n\t<div class=\"vc_col-sm-4 wpb_column vc_column_container \">\n\t\t<div class=\"wpb_wrapper\">\n\t\t\t<article class=\"icon-box8\"><a href='http:\/\/www.dezibel.com.mx\/espanol\/show-prehispanico-maya\/'><img src=\"http:\/\/www.dezibel.com.mx\/espanol\/wp-content\/uploads\/2015\/12\/Wedding-cancun-Planners-Mayan-ceremony-.jpg\" \/><\/a><h4>Show Prehisp\u00e1nico Maya <\/h4><p>El Show maya es un espect\u00e1culo lleno de color de la antigua danza ceremonial, que cuenta la historia de la &#8220;cosmovisi\u00f3n&#8221; maya y nuestro lugar en el mundo.<br \/>\n<\/p><a class=\"magicmore\" href=\"http:\/\/www.dezibel.com.mx\/espanol\/show-prehispanico-maya\/\">Ver M\u00e1s<\/a><\/article>\n\t\t<\/div> \n\t<\/div> \n\n\t<div class=\"vc_col-sm-4 wpb_column vc_column_container \">\n\t\t<div class=\"wpb_wrapper\">\n\t\t\t<article class=\"icon-box8\"><a href='http:\/\/www.dezibel.com.mx\/espanol\/show-fuego\/'><img src=\"http:\/\/www.dezibel.com.mx\/espanol\/wp-content\/uploads\/2015\/12\/Wedding-cancun-Planners-fire-shows-for-events-fire-shows-company-men-and-women-on-fire-34.jpg\" \/><\/a><h4>Show de Fuego<\/h4><p>El espect\u00e1culo de fuego es uno de los m\u00e1s solicitado, adecuado para cenas de gala, presentaciones de productos, noches de premios y eventos de cualquier tipo.<br \/>\n<\/p><a class=\"magicmore\" href=\"http:\/\/www.dezibel.com.mx\/espanol\/show-fuego\/\">Ver M\u00e1s<\/a><\/article>\n\t\t<\/div> \n\t<\/div> \n\n\t<div class=\"vc_col-sm-4 wpb_column vc_column_container \">\n\t\t<div class=\"wpb_wrapper\">\n\t\t\t<article class=\"icon-box8\"><a href='http:\/\/www.dezibel.com.mx\/espanol\/show-tambores-de-agua\/'><img src=\"http:\/\/www.dezibel.com.mx\/espanol\/wp-content\/uploads\/2015\/12\/YvetteHector245.jpg\" \/><\/a><h4>Show de Tambores de Agua<\/h4><p>Este espect\u00e1culo es completamente interactivo porque permite a tus invitados demostrar su talento con los tambores.<\/p>\n<\/p><a class=\"magicmore\" href=\"http:\/\/www.dezibel.com.mx\/espanol\/show-tambores-de-agua\/\">Ver M\u00e1s<\/a><\/article>\n\t\t<\/div> \n\t<\/div> \n<\/section><section class=\"wpb_row vc_row-fluid\">\n\t<div class=\"vc_col-sm-4 wpb_column vc_column_container \">\n\t\t<div class=\"wpb_wrapper\">\n\t\t\t<article class=\"icon-box8\"><a href='http:\/\/www.dezibel.com.mx\/espanol\/show-led\/'><img src=\"http:\/\/www.dezibel.com.mx\/espanol\/wp-content\/uploads\/2015\/12\/David-y-Elba-Cancun-Beach-Wedding-127.jpg\" \/><\/a><h4>Show de Led<\/h4><p>Los LED son la mejor alternativa para un espect\u00e1culo como el fuego y se pueden personalizar para adaptarse a su evento a trav\u00e9s de opciones de m\u00fasica y se\u00f1ales de iluminaci\u00f3n programadas.<br \/>\n<\/p><a class=\"magicmore\" href=\"http:\/\/www.dezibel.com.mx\/espanol\/show-led\/\">Ver M\u00e1s <\/a><\/article>\n\t\t<\/div> \n\t<\/div> \n\n\t<div class=\"vc_col-sm-4 wpb_column vc_column_container \">\n\t\t<div class=\"wpb_wrapper\">\n\t\t\t<article class=\"icon-box8\"><a href='http:\/\/www.dezibel.com.mx\/espanol\/show-alas-led\/'><img src=\"http:\/\/www.dezibel.com.mx\/espanol\/wp-content\/uploads\/2015\/12\/lighting-performance-cancun-weddings.jpg\" \/><\/a><h4>Show de Alas de LED<\/h4><p>Puede sorprender a sus invitados con el Show de alas LED antes o despu\u00e9s de la cena.<\/p>\n<\/p><a class=\"magicmore\" href=\"http:\/\/www.dezibel.com.mx\/espanol\/show-alas-led\/\">Ver M\u00e1s <\/a><\/article>\n\t\t<\/div> \n\t<\/div> \n\n\t<div class=\"vc_col-sm-4 wpb_column vc_column_container \">\n\t\t<div class=\"wpb_wrapper\">\n\t\t\t<article class=\"icon-box8\"><a href='http:\/\/www.dezibel.com.mx\/espanol\/show-mexicano\/'><img src=\"http:\/\/www.dezibel.com.mx\/espanol\/wp-content\/uploads\/2015\/12\/10665795_695327683884870_5389791981627601818_n-2.jpg\" \/><\/a><h4>Show Mexicano<\/h4><p>Experimentar el conjunto Folcl\u00f3rico de M\u00e9xico en un espect\u00e1culo que hay que ver en torno a las danzas y trajes tradicionales de M\u00e9xico.<br \/>\n<\/p><a class=\"magicmore\" href=\"http:\/\/www.dezibel.com.mx\/espanol\/show-mexicano\/\">Ver M\u00e1s<\/a><\/article>\n\t\t<\/div> \n\t<\/div> \n<\/section><section class=\"wpb_row vc_row-fluid\">\n\t<div class=\"vc_col-sm-4 wpb_column vc_column_container \">\n\t\t<div class=\"wpb_wrapper\">\n\t\t\t<article class=\"icon-box8\"><a href='http:\/\/www.dezibel.com.mx\/espanol\/show-caribeno\/'><img src=\"http:\/\/www.dezibel.com.mx\/espanol\/wp-content\/uploads\/2015\/12\/news_caribeno01.jpg\" \/><\/a><h4>Caribbean Show<\/h4><p>Experimentar el Caribe aqu\u00ed en Canc\u00fan y Riviera Maya !!!<\/p>\n<\/p><a class=\"magicmore\" href=\"http:\/\/www.dezibel.com.mx\/espanol\/show-caribeno\/\">Ver M\u00e1s<\/a><\/article><hr class=\"vertical-space1\">\n\t\t<\/div> \n\t<\/div> \n\n\t<div class=\"vc_col-sm-4 wpb_column vc_column_container \">\n\t\t<div class=\"wpb_wrapper\">\n\t\t\t\n\t<div class=\"wpb_text_column wpb_content_element \">\n\t\t<div class=\"wpb_wrapper\">\n\t\t\t\n\t\t<\/div> \n\t<\/div> \n\t\t<\/div> \n\t<\/div> \n<\/section>\n","protected":false},"excerpt":{"rendered":"Show Prehisp\u00e1nico Maya El Show maya es un espect\u00e1culo lleno de color de la antigua danza ceremonial, que cuenta la historia de la \"cosmovisi\u00f3n\" maya y nuestro lugar en el mundo. Ver M\u00e1s Show de FuegoEl espect\u00e1culo de fuego es uno... <br><br><a class=\"readmore\" href=\"http:\/\/www.dezibel.com.mx\/espanol\/entretenimiento\/\">Read More<\/a>","protected":false},"author":1,"featured_media":0,"parent":0,"menu_order":0,"comment_status":"closed","ping_status":"closed","template":"","meta":[],"_links":{"self":[{"href":"http:\/\/www.dezibel.com.mx\/espanol\/wp-json\/wp\/v2\/pages\/6152"}],"collection":[{"href":"http:\/\/www.dezibel.com.mx\/espanol\/wp-json\/wp\/v2\/pages"}],"about":[{"href":"http:\/\/www.dezibel.com.mx\/espanol\/wp-json\/wp\/v2\/types\/page"}],"author":[{"embeddable":true,"href":"http:\/\/www.dezibel.com.mx\/espanol\/wp-json\/wp\/v2\/users\/1"}],"replies":[{"embeddable":true,"href":"http:\/\/www.dezibel.com.mx\/espanol\/wp-json\/wp\/v2\/comments?post=6152"}],"version-history":[{"count":7,"href":"http:\/\/www.dezibel.com.mx\/espanol\/wp-json\/wp\/v2\/pages\/6152\/revisions"}],"predecessor-version":[{"id":7733,"href":"http:\/\/www.dezibel.com.mx\/espanol\/wp-json\/wp\/v2\/pages\/6152\/revisions\/7733"}],"wp:attachment":[{"href":"http:\/\/www.dezibel.com.mx\/espanol\/wp-json\/wp\/v2\/media?parent=6152"}],"curies":[{"name":"wp","href":"https:\/\/api.w.org\/{rel}","templated":true}]}}