{"id":6062,"date":"2015-12-17T16:10:49","date_gmt":"2015-12-17T22:10:49","guid":{"rendered":"http:\/\/www.dezibel.com.mx\/?page_id=6062"},"modified":"2016-09-10T11:01:24","modified_gmt":"2016-09-10T17:01:24","slug":"iluminacion-decorativa","status":"publish","type":"page","link":"http:\/\/www.dezibel.com.mx\/espanol\/iluminacion-decorativa\/","title":{"rendered":"Iluminaci\u00f3n Decorativa"},"content":{"rendered":"<section class=\"wpb_row vc_row-fluid\">\n\t<div class=\"vc_col-sm-4 wpb_column vc_column_container \">\n\t\t<div class=\"wpb_wrapper\">\n\t\t\t<article class=\"icon-box8\"><a href='http:\/\/www.dezibel.com.mx\/espanol\/string-lights-bulbos\/'><img src=\"http:\/\/www.dezibel.com.mx\/espanol\/wp-content\/uploads\/2015\/12\/wedding-chairs-17.jpg\" \/><\/a><h4>String lights Bulbos<\/h4><p>\nLa iluminaci\u00f3n exterior es la mejor manera de iluminar jardines y espacios al aire libre. Pueden adaptarse a la tem\u00e1tica del evento y crea un ambiente con un sorprendente efecto visual<\/p>\n<\/p><a class=\"magicmore\" href=\"http:\/\/www.dezibel.com.mx\/espanol\/string-lights-bulbos\/\">Ver M\u00e1s <\/a><\/article>\n\t\t<\/div> \n\t<\/div> \n\n\t<div class=\"vc_col-sm-4 wpb_column vc_column_container  vc_custom_1472155179410\">\n\t\t<div class=\"wpb_wrapper\">\n\t\t\t<article class=\"icon-box8\"><a href='http:\/\/www.dezibel.com.mx\/espanol\/string-lights-slim\/'><img src=\"http:\/\/www.dezibel.com.mx\/espanol\/wp-content\/uploads\/2015\/12\/wedding-chairs-44.jpg\" \/><\/a><h4>String Lights Slim <\/h4><p>\nPueden ser colocado alrededor de los \u00e1rboles, arbustos, escaleras y techos suspendidos encima para crear un efecto de &#8220;dosel&#8221;, efecto de un cielo lleno de estrellas.<\/p>\n<\/p><a class=\"magicmore\" href=\"http:\/\/www.dezibel.com.mx\/espanol\/string-lights-slim\/\">Ver M\u00e1s <\/a><\/article>\n\t\t<\/div> \n\t<\/div> \n\n\t<div class=\"vc_col-sm-4 wpb_column vc_column_container \">\n\t\t<div class=\"wpb_wrapper\">\n\t\t\t<article class=\"icon-box8\"><a href='http:\/\/www.dezibel.com.mx\/espanol\/string-lights-cascada\/'><img src=\"http:\/\/www.dezibel.com.mx\/espanol\/wp-content\/uploads\/2015\/12\/string-lights-cascading-lighting-decor-5.jpg\" \/><\/a><h4>String Lights Cascada<\/h4><p>\nNo hay nada m\u00e1s dram\u00e1tico y rom\u00e1ntico para usted y sus invitados a entrar en una habitaci\u00f3n o un lugar al aire libre lleno de luces.<\/p>\n<\/p><a class=\"magicmore\" href=\"http:\/\/www.dezibel.com.mx\/espanol\/string-lights-cascada\/\">Ver M\u00e1s<\/a><\/article>\n\t\t<\/div> \n\t<\/div> \n\n\t<div class=\"vc_col-sm-12 wpb_column vc_column_container \">\n\t\t<div class=\"wpb_wrapper\">\n\t\t\t<section class=\"wpb_row vc_row-fluid\">\n\t<div class=\"vc_col-sm-4 wpb_column vc_column_container \">\n\t\t<div class=\"wpb_wrapper\">\n\t\t\t<article class=\"icon-box8\"><a href='http:\/\/www.dezibel.com.mx\/espanol\/lamparas-chinas\/'><img src=\"http:\/\/www.dezibel.com.mx\/espanol\/wp-content\/uploads\/2015\/12\/Chinese-Lanterns-Cancun-Wedding-6.jpg\" \/><\/a><h4>Bolas Chinas<\/h4><p>\nLas linternas chinas se pueden mezclar con String Lights para crear un ambiente \u00fanico para su boda en la playa o en cualquier boda al aire libre.<\/p>\n<\/p><a class=\"magicmore\" href=\"http:\/\/www.dezibel.com.mx\/espanol\/lamparas-chinas\/\">Ver M\u00e1s <\/a><\/article>\n\t\t<\/div> \n\t<\/div> \n\n\t<div class=\"vc_col-sm-4 wpb_column vc_column_container \">\n\t\t<div class=\"wpb_wrapper\">\n\t\t\t<article class=\"icon-box8\"><a href='http:\/\/www.dezibel.com.mx\/espanol\/candelabro-grande\/'><img src=\"http:\/\/www.dezibel.com.mx\/espanol\/wp-content\/uploads\/2015\/12\/Ivett-hector-Riviera-Maya-beach-wedding-123.jpg\" \/><\/a><h4>Candelabro Gigante<\/h4><p>\nEstos candelabros pueden ser montados en carpas, techos y otros lugares, no deber\u00eda ser dif\u00edcil de encontrar formas innovadoras para incorporarlas a su evento.<\/p>\n<\/p><a class=\"magicmore\" href=\"http:\/\/www.dezibel.com.mx\/espanol\/candelabro-grande\/\">Ver M\u00e1s<\/a><\/article>\n\t\t<\/div> \n\t<\/div> \n\n\t<div class=\"vc_col-sm-4 wpb_column vc_column_container \">\n\t\t<div class=\"wpb_wrapper\">\n\t\t\t<article class=\"icon-box8\"><a href='http:\/\/www.dezibel.com.mx\/espanol\/candelabro-mediano\/'><img src=\"http:\/\/www.dezibel.com.mx\/espanol\/wp-content\/uploads\/2015\/12\/JUANEUAN201mavelle-9.jpg\" \/><\/a><h4>Candelabro Mediano<\/h4><p>Nuestras l\u00e1mparas medianas utilizan cristales de alta calidad, haci\u00e9ndolos considerablemente m\u00e1s ligero que candelabros grandes tradicionales. Su peso ligero permite instalar de forma r\u00e1pida y eficiente sin el riesgo de da\u00f1ar o cualquier otra situaci\u00f3n.<\/p>\n<\/p><a class=\"magicmore\" href=\"http:\/\/www.dezibel.com.mx\/espanol\/candelabro-mediano\/\">Ver M\u00e1s <\/a><\/article>\n\t\t<\/div> \n\t<\/div> \n<\/section>\n\t\t<\/div> \n\t<\/div> \n<\/section>\n","protected":false},"excerpt":{"rendered":"String lights Bulbos La iluminaci\u00f3n exterior es la mejor manera de iluminar jardines y espacios al aire libre. Pueden adaptarse a la tem\u00e1tica del evento y crea un ambiente con un sorprendente efecto visual Ver M\u00e1s String Lights Slim Pueden ser... <br><br><a class=\"readmore\" href=\"http:\/\/www.dezibel.com.mx\/espanol\/iluminacion-decorativa\/\">Read More<\/a>","protected":false},"author":1,"featured_media":0,"parent":0,"menu_order":0,"comment_status":"closed","ping_status":"closed","template":"","meta":[],"_links":{"self":[{"href":"http:\/\/www.dezibel.com.mx\/espanol\/wp-json\/wp\/v2\/pages\/6062"}],"collection":[{"href":"http:\/\/www.dezibel.com.mx\/espanol\/wp-json\/wp\/v2\/pages"}],"about":[{"href":"http:\/\/www.dezibel.com.mx\/espanol\/wp-json\/wp\/v2\/types\/page"}],"author":[{"embeddable":true,"href":"http:\/\/www.dezibel.com.mx\/espanol\/wp-json\/wp\/v2\/users\/1"}],"replies":[{"embeddable":true,"href":"http:\/\/www.dezibel.com.mx\/espanol\/wp-json\/wp\/v2\/comments?post=6062"}],"version-history":[{"count":5,"href":"http:\/\/www.dezibel.com.mx\/espanol\/wp-json\/wp\/v2\/pages\/6062\/revisions"}],"predecessor-version":[{"id":8250,"href":"http:\/\/www.dezibel.com.mx\/espanol\/wp-json\/wp\/v2\/pages\/6062\/revisions\/8250"}],"wp:attachment":[{"href":"http:\/\/www.dezibel.com.mx\/espanol\/wp-json\/wp\/v2\/media?parent=6062"}],"curies":[{"name":"wp","href":"https:\/\/api.w.org\/{rel}","templated":true}]}}