{"id":6025,"date":"2014-10-14T09:08:21","date_gmt":"2014-10-14T09:08:21","guid":{"rendered":"http:\/\/webnus.biz\/themes\/weddingsuite\/?page_id=2"},"modified":"2017-04-04T15:47:08","modified_gmt":"2017-04-04T21:47:08","slug":"home-violet-2-2","status":"publish","type":"page","link":"http:\/\/www.dezibel.com.mx\/espanol\/","title":{"rendered":"Dezibel | Event Productions Cancun &#8211; Event Planning company"},"content":{"rendered":"<\/div><\/section><section class=\"blox    \" style=\" padding-top:px; padding-bottom:px; background-size: cover; min-height:1300px; \"><div class=\"max-overlay\" style=\"background-color:\"><\/div><div class=\"wpb_row vc_row-fluid full-row\"><div class=\"container\">\n\t<div class=\"vc_col-sm-12 wpb_column vc_column_container  vc_custom_1469469528077\">\n\t\t<div class=\"wpb_wrapper\">\n\t\t\t[rev_slider_vc alias=&#8221;wedding-rose-slider-dez&#8221;]<section class=\"wpb_row vc_row-fluid\">\n\t<div class=\"vc_col-sm-12 wpb_column vc_column_container \">\n\t\t<div class=\"wpb_wrapper\">\n\t\t\t\n\t<div class=\"wpb_text_column wpb_content_element  vc_custom_1489178108745\">\n\t\t<div class=\"wpb_wrapper\">\n\t\t\t<h1 style=\"text-align: center; font-color: #9465cc;\">BODAS Y EVENTOS<\/h1>\n<p style=\"text-align: center; font-size: 35px; line-height: 36px;\">Somos una agencia organizadora de eventos en Canc\u00fan, Riviera Maya y Tulum, especializados en el dise\u00f1o y \u00a0producci\u00f3n de bodas, eventos corporativos, tem\u00e1ticos y de diferentes estilos innovadores exclusivos.<\/p>\n\n\t\t<\/div> \n\t<\/div> \n\t\t<\/div> \n\t<\/div> \n<\/section>\n\t<div class=\"wpb_text_column wpb_content_element  vc_custom_1489178158280\">\n\t\t<div class=\"wpb_wrapper\">\n\t\t\t<h4 style=\"text-align: center;\">Video Corporativo<\/h4>\n\n\t\t<\/div> \n\t<\/div> <div class=\"video-play-btn-wrap\"><a href=\"http:\/\/www.dezibel.com.mx\/videos\/corporate-dezibel-video\" rel=\"prettyPhoto\" class=\"video-play-btn \"><i class=\"fa-play\" style=\" font-size:25px;\"><\/i><\/a><\/div>\n\t\t<\/div> \n\t<\/div> \n<\/div><\/div><\/section><section class=\"container\"><div class=\"row-wrapper-x\"><section class=\"wpb_row vc_row-fluid\">\n\t<div class=\"vc_col-sm-12 vc_hidden-sm vc_hidden-xs wpb_column vc_column_container \">\n\t\t<div class=\"wpb_wrapper\">\n\t\t\t<section class=\"wpb_row vc_row-fluid\">\n\t<div class=\"vc_col-sm-12 wpb_column vc_column_container \">\n\t\t<div class=\"wpb_wrapper\">\n\t\t\t<hr class=\"vertical-space1\">\n\t<div class=\"wpb_text_column wpb_content_element \">\n\t\t<div class=\"wpb_wrapper\">\n\t\t\t<h2 style=\"text-align: center;\">BODAS Y EVENTOS DESTACADOS<\/h2>\n\n\t\t<\/div> \n\t<\/div> \n\t\t<\/div> \n\t<\/div> \n<\/section><section class=\"wpb_row vc_row-fluid\">\n\t<div class=\"vc_col-sm-3 wpb_column vc_column_container  vc_custom_1472485940223\">\n\t\t<div class=\"wpb_wrapper\">\n\t\t\t\n\t<div class=\"wpb_single_image wpb_content_element vc_custom_1489180792001 vc_align_center\">\n\t\t<div class=\"wpb_wrapper\">\n\t\t\t\n\t\t\t<a href=\"http:\/\/www.dezibel.com.mx\/portfolio\/portfolio\/matias-gaby\/\" target=\"_self\"><div class=\"vc_single_image-wrapper   vc_box_border_grey\"><img class=\"vc_single_image-img \" src=\"http:\/\/www.dezibel.com.mx\/espanol\/wp-content\/uploads\/2014\/10\/boda-rustica-en-la-playa-de-la-riviera-maya-300x403.jpg\" width=\"300\" height=\"403\" alt=\"boda-rustica-en-la-playa-de-la-riviera-maya\" title=\"boda-rustica-en-la-playa-de-la-riviera-maya\" \/><\/div><\/a>\n\t\t<\/div> \n\t<\/div> \n\t\t<\/div> \n\t<\/div> \n\n\t<div class=\"vc_col-sm-3 wpb_column vc_column_container  vc_custom_1472485263399\">\n\t\t<div class=\"wpb_wrapper\">\n\t\t\t\n\t<div class=\"wpb_single_image wpb_content_element vc_custom_1489180818601 vc_align_center\">\n\t\t<div class=\"wpb_wrapper\">\n\t\t\t\n\t\t\t<a href=\"http:\/\/www.dezibel.com.mx\/portfolio\/portfolio\/best-beach-wedding-ever-at-tulum-mexico\/\" target=\"_self\"><div class=\"vc_single_image-wrapper   vc_box_border_grey\"><img class=\"vc_single_image-img \" src=\"http:\/\/www.dezibel.com.mx\/espanol\/wp-content\/uploads\/2014\/10\/boda-vintage-en-la-playa-de-la-riviera-maya-300x403.jpg\" width=\"300\" height=\"403\" alt=\"boda-vintage-en-la-playa-de-la-riviera-maya\" title=\"boda-vintage-en-la-playa-de-la-riviera-maya\" \/><\/div><\/a>\n\t\t<\/div> \n\t<\/div> \n\t\t<\/div> \n\t<\/div> \n\n\t<div class=\"vc_col-sm-3 wpb_column vc_column_container  vc_custom_1472486282628\">\n\t\t<div class=\"wpb_wrapper\">\n\t\t\t\n\t<div class=\"wpb_single_image wpb_content_element vc_custom_1489180863948 vc_align_center\">\n\t\t<div class=\"wpb_wrapper\">\n\t\t\t\n\t\t\t<a href=\"http:\/\/www.dezibel.com.mx\/portfolio\/portfolio\/diego-y-lorena\/\" target=\"_self\"><div class=\"vc_single_image-wrapper   vc_box_border_grey\"><img class=\"vc_single_image-img \" src=\"http:\/\/www.dezibel.com.mx\/espanol\/wp-content\/uploads\/2014\/10\/boda-elegante-en-cozumel-isla-en-la-playa-300x401.jpg\" width=\"300\" height=\"401\" alt=\"boda-elegante-en-cozumel-isla-en-la-playa\" title=\"boda-elegante-en-cozumel-isla-en-la-playa\" \/><\/div><\/a>\n\t\t<\/div> \n\t<\/div> \n\t\t<\/div> \n\t<\/div> \n\n\t<div class=\"vc_col-sm-3 wpb_column vc_column_container  vc_custom_1472486294005\">\n\t\t<div class=\"wpb_wrapper\">\n\t\t\t\n\t<div class=\"wpb_single_image wpb_content_element vc_custom_1489180884788 vc_align_center\">\n\t\t<div class=\"wpb_wrapper\">\n\t\t\t\n\t\t\t<a href=\"http:\/\/www.dezibel.com.mx\/portfolio\/portfolio\/thematic-event-casino\/\" target=\"_self\"><div class=\"vc_single_image-wrapper   vc_box_border_grey\"><img class=\"vc_single_image-img \" src=\"http:\/\/www.dezibel.com.mx\/espanol\/wp-content\/uploads\/2014\/10\/evento-corporativo-tematico-en-cancun-300x401.jpg\" width=\"300\" height=\"401\" alt=\"evento-corporativo-tematico-en-cancun\" title=\"evento-corporativo-tematico-en-cancun\" \/><\/div><\/a>\n\t\t<\/div> \n\t<\/div> \n\t\t<\/div> \n\t<\/div> \n<\/section><section class=\"wpb_row vc_row-fluid\">\n\t<div class=\"vc_col-sm-3 wpb_column vc_column_container  vc_custom_1472486544266\">\n\t\t<div class=\"wpb_wrapper\">\n\t\t\t\n\t<div class=\"wpb_single_image wpb_content_element vc_custom_1489180912130 vc_align_center\">\n\t\t<div class=\"wpb_wrapper\">\n\t\t\t\n\t\t\t<a href=\"http:\/\/www.dezibel.com.mx\/portfolio\/portfolio\/matias-gaby\/\" target=\"_self\"><div class=\"vc_single_image-wrapper   vc_box_border_grey\"><img class=\"vc_single_image-img \" src=\"http:\/\/www.dezibel.com.mx\/espanol\/wp-content\/uploads\/2014\/10\/letras-love-iluminadas-boda-en-cancun-300x400.jpg\" width=\"300\" height=\"400\" alt=\"letras-love-iluminadas-boda-en-cancun\" title=\"letras-love-iluminadas-boda-en-cancun\" \/><\/div><\/a>\n\t\t<\/div> \n\t<\/div> \n\t\t<\/div> \n\t<\/div> \n\n\t<div class=\"vc_col-sm-3 wpb_column vc_column_container  vc_custom_1472486584484\">\n\t\t<div class=\"wpb_wrapper\">\n\t\t\t\n\t<div class=\"wpb_single_image wpb_content_element vc_custom_1489180928733 vc_align_center\">\n\t\t<div class=\"wpb_wrapper\">\n\t\t\t\n\t\t\t<a href=\"http:\/\/www.dezibel.com.mx\/portfolio\/portfolio\/best-beach-wedding-ever-at-tulum-mexico\/\" target=\"_self\"><div class=\"vc_single_image-wrapper   vc_box_border_grey\"><img class=\"vc_single_image-img \" src=\"http:\/\/www.dezibel.com.mx\/espanol\/wp-content\/uploads\/2014\/10\/string-lights-decoracion-iluminativa-en-boda-en-la-playa-riviera-maya-300x400.jpg\" width=\"300\" height=\"400\" alt=\"string-lights-decoracion-iluminativa-en-boda-en-la-playa-riviera-maya\" title=\"string-lights-decoracion-iluminativa-en-boda-en-la-playa-riviera-maya\" \/><\/div><\/a>\n\t\t<\/div> \n\t<\/div> \n\t\t<\/div> \n\t<\/div> \n\n\t<div class=\"vc_col-sm-3 wpb_column vc_column_container  vc_custom_1472486442751\">\n\t\t<div class=\"wpb_wrapper\">\n\t\t\t\n\t<div class=\"wpb_single_image wpb_content_element vc_custom_1489180945091 vc_align_center\">\n\t\t<div class=\"wpb_wrapper\">\n\t\t\t\n\t\t\t<a href=\"http:\/\/www.dezibel.com.mx\/portfolio\/portfolio\/diego-y-lorena\/\" target=\"_self\"><div class=\"vc_single_image-wrapper   vc_box_border_grey\"><img class=\"vc_single_image-img \" src=\"http:\/\/www.dezibel.com.mx\/espanol\/wp-content\/uploads\/2014\/10\/evento-tematico-alicia-en-el-pais-de-las-maravillas-cancun-mexico-300x400.jpg\" width=\"300\" height=\"400\" alt=\"evento-tematico-alicia-en-el-pais-de-las-maravillas-cancun-mexico\" title=\"evento-tematico-alicia-en-el-pais-de-las-maravillas-cancun-mexico\" \/><\/div><\/a>\n\t\t<\/div> \n\t<\/div> \n\t\t<\/div> \n\t<\/div> \n\n\t<div class=\"vc_col-sm-3 wpb_column vc_column_container  vc_custom_1472486333480\">\n\t\t<div class=\"wpb_wrapper\">\n\t\t\t\n\t<div class=\"wpb_single_image wpb_content_element vc_custom_1489180960367 vc_align_center\">\n\t\t<div class=\"wpb_wrapper\">\n\t\t\t\n\t\t\t<a href=\"http:\/\/www.dezibel.com.mx\/portfolio\/portfolio\/thematic-event-casino\/\" target=\"_self\"><div class=\"vc_single_image-wrapper   vc_box_border_grey\"><img class=\"vc_single_image-img \" src=\"http:\/\/www.dezibel.com.mx\/espanol\/wp-content\/uploads\/2014\/10\/glamuroso-evento-corporativo-en-hotel-cancun-mexico-300x400.jpg\" width=\"300\" height=\"400\" alt=\"glamuroso-evento-corporativo-en-hotel-cancun-mexico\" title=\"glamuroso-evento-corporativo-en-hotel-cancun-mexico\" \/><\/div><\/a>\n\t\t<\/div> \n\t<\/div> \n\t\t<\/div> \n\t<\/div> \n<\/section><hr class=\"vertical-space1\"><section class=\"wpb_row vc_row-fluid\">\n\t<div class=\"vc_col-sm-12 wpb_column vc_column_container  vc_custom_1469570149328\">\n\t\t<div class=\"wpb_wrapper\">\n\t\t\t\n\t<div class=\"wpb_text_column wpb_content_element \">\n\t\t<div class=\"wpb_wrapper\">\n\t\t\t<p style=\"text-align: center;\"><a href=\"http:\/\/www.dezibel.com.mx\/portfolio\/\" class=\"button orange  large  \" target=\"_parent\">See more<\/a><\/p>\n\n\t\t<\/div> \n\t<\/div> \n\t\t<\/div> \n\t<\/div> \n<\/section><hr class=\"vertical-space4\">\n\t\t<\/div> \n\t<\/div> \n<\/section><\/div><\/section><section class=\"blox    \" style=\" padding-top:px; padding-bottom:px;  background: url('http:\/\/www.dezibel.com.mx\/espanol\/wp-content\/uploads\/2014\/10\/AngieyLalowww.mavellee.comBodacancunangielalo1-380.jpg') no-repeat center; background-size: cover; min-height:770px; \"><div class=\"max-overlay\" style=\"background-color:\"><\/div><div class=\"wpb_row vc_row-fluid full-row\"><div class=\"container\">\n\t<div class=\"vc_col-sm-12 wpb_column vc_column_container  vc_custom_1469727355846\">\n\t\t<div class=\"wpb_wrapper\">\n\t\t\t<div class=\"testimonials-slider-w flexslider ts-rose\"><ul class=\"slides\"><li>\n\t<div class=\"testimonial\">\n\t\t<div class=\"testimonial-content\">\n\t\t\t<h4><q><span style=\"color: #ffffff; font-size: 30px;\">\u201cHe tenido diferentes experiencias contratando planners en Canc\u00fan y esta ha sido la mejor experiencia con Victhor, tiene un tiempo de respuesta super r\u00e1pido, es muy din\u00e1mico, me llena de ideas puedes negociar con \u00e9l, siempre est\u00e1 muy al pendiente y siempre va un paso delante de ti\u201d<\/span><\/p>\n<p><span style=\"color: #ffffff; font-size: 30px;\">-Pilar Aldana , Viajes Tulipan<\/span><\/p>\n<p>&nbsp;<\/p>\n<a href=\"http:\/\/www.dezibel.com.mx\/videos_testimonials\/portfolio\/pilar-aldana-testimony-2\/\" class=\"button orange  medium  \" target=\"_parent\">See the Video<\/a>\n<p style=\"text-align: center;\"><span style=\"color: #ffffff;\">\u00a0<\/span><\/p>\n<\/q><\/h4>\n\t\t\t<div class=\"testimonial-arrow\"><\/div>\n\t\t<\/div>\n\t\t<div class=\"testimonial-brand\">\n\t\t<img src=\"http:\/\/www.dezibel.com.mx\/espanol\/wp-content\/uploads\/2014\/10\/Thematic-Casino-Event-Cancun-41.jpg\" alt=\".....\">\n\t\t\t<h5><strong>.....<\/strong><br>\n\t\t\t<em><\/em><\/h5>\n\t\t<\/div>\n\t<\/div>\n<\/li>\n<li>\n\t<div class=\"testimonial\">\n\t\t<div class=\"testimonial-content\">\n\t\t\t<h4><q><span style=\"color: #ffffff; font-size: 30px;\">\u201cDezibel very recommended, awesome platform, very coordinated, very professional, on time, Price is right, dance floor is number one and Dj is perfect\u201d<\/span><\/p>\n<p><span style=\"color: #ffffff; font-size: 30px;\">Savanna + Sergio<\/span><\/p>\n<p>&nbsp;<\/p>\n<a href=\"http:\/\/www.dezibel.com.mx\/videos_testimonials\/portfolio\/savanna-sergio-testimony\/\" class=\"button orange  medium  \" target=\"_parent\">See the Video<\/a><\/q><\/h4>\n\t\t\t<div class=\"testimonial-arrow\"><\/div>\n\t\t<\/div>\n\t\t<div class=\"testimonial-brand\">\n\t\t\t<h5><strong>....<\/strong><br>\n\t\t\t<em><\/em><\/h5>\n\t\t<\/div>\n\t<\/div>\n<\/li>\n<li>\n\t<div class=\"testimonial\">\n\t\t<div class=\"testimonial-content\">\n\t\t\t<h4><q><span style=\"color: #ffffff; font-size: 27px;\">\u201cOur wedding was the best day of my life, Dezibel was wonderful, Eddie was amazing, we had\u00a0 everything we wanted from chandelier, string lights\u2026\u2026 my day came true\u201d<\/span><\/p>\n<p><span style=\"color: #ffffff; font-size: 27px;\">\u00a0-Marlo &amp; David<\/span><\/p>\n<p>&nbsp;<\/p>\n<a href=\"http:\/\/www.dezibel.com.mx\/videos_testimonials\/portfolio\/marlo-david-testimony\/\" class=\"button orange  medium  \" target=\"_parent\">See the Video<\/a><\/q><\/h4>\n\t\t\t<div class=\"testimonial-arrow\"><\/div>\n\t\t<\/div>\n\t\t<div class=\"testimonial-brand\">\n\t\t\t<h5><strong>....<\/strong><br>\n\t\t\t<em><\/em><\/h5>\n\t\t<\/div>\n\t<\/div>\n<\/li>\n<li>\n\t<div class=\"testimonial\">\n\t\t<div class=\"testimonial-content\">\n\t\t\t<h4><q><span style=\"color: #ffffff; font-size: 27px;\">\u201cWe want take a moment to share with you the great experience we had with Dezibel Entertainment, they provided \u00a0all about Dj and Audio. Everything was absolutely fenomenal, we are so lucky, We had so great vendor for all our events\u201d<\/span><\/p>\n<p><span style=\"color: #ffffff; font-size: 27px;\">Jessy + Sunny<\/span><\/p>\n<p>&nbsp;<\/p>\n<a href=\"http:\/\/www.dezibel.com.mx\/videos_testimonials\/portfolio\/jessy-sunny-testimony\/\" class=\"button orange  medium  \" target=\"_parent\">See the Video<\/a><\/q><\/h4>\n\t\t\t<div class=\"testimonial-arrow\"><\/div>\n\t\t<\/div>\n\t\t<div class=\"testimonial-brand\">\n\t\t\t<h5><strong>....<\/strong><br>\n\t\t\t<em><\/em><\/h5>\n\t\t<\/div>\n\t<\/div>\n<\/li>\n<\/ul><\/div>\n\t\t<\/div> \n\t<\/div> \n<\/div><\/div><\/section><section class=\"container\"><div class=\"row-wrapper-x\"><\/div><\/section><section class=\"blox    \" style=\" padding-top:px; padding-bottom:px; background-size: cover; min-height:800px; \"><div class=\"max-overlay\" style=\"background-color:\"><\/div><div class=\"wpb_row vc_row-fluid full-row\"><div class=\"container\">\n\t<div class=\"vc_col-sm-12 wpb_column vc_column_container \">\n\t\t<div class=\"wpb_wrapper\">\n\t\t\t<hr class=\"vertical-space4\">\n\t<div class=\"wpb_text_column wpb_content_element \">\n\t\t<div class=\"wpb_wrapper\">\n\t\t\t<h1 style=\"text-align: center;\">EXPLORE<\/h1>\n\n\t\t<\/div> \n\t<\/div> <section class=\"wpb_row vc_row-fluid\">\n\t<div class=\"vc_col-sm-3 wpb_column vc_column_container  vc_custom_1469814498586\">\n\t\t<div class=\"wpb_wrapper\">\n\t\t\t\n\t<div class=\"wpb_single_image wpb_content_element vc_custom_1491341830378 vc_align_left\">\n\t\t<div class=\"wpb_wrapper\">\n\t\t\t\n\t\t\t<a href=\"http:\/\/www.dezibel.com.mx\/wedding-themes-in-cancun-and-riviera-maya\/\" target=\"_self\"><div class=\"vc_single_image-wrapper   vc_box_border_grey\"><img class=\"vc_single_image-img \" src=\"http:\/\/www.dezibel.com.mx\/espanol\/wp-content\/uploads\/2014\/10\/Gaby-y-Matias-Beach-Cancun-Wedding-212-480x720.jpg\" width=\"480\" height=\"720\" alt=\"SONY DSC\" title=\"SONY DSC\" \/><\/div><\/a>\n\t\t<\/div> \n\t<\/div> \n\t<div class=\"wpb_text_column wpb_content_element  vc_custom_1491342291335\">\n\t\t<div class=\"wpb_wrapper\">\n\t\t\t<h3 style=\"text-align: center; font-size: 20px;\">MOBILIARIO<\/h3>\n\n\t\t<\/div> \n\t<\/div> \n\t\t<\/div> \n\t<\/div> \n\n\t<div class=\"vc_col-sm-3 wpb_column vc_column_container  vc_custom_1469815049174\">\n\t\t<div class=\"wpb_wrapper\">\n\t\t\t\n\t<div class=\"wpb_single_image wpb_content_element vc_custom_1491341901203 vc_align_left\">\n\t\t<div class=\"wpb_wrapper\">\n\t\t\t\n\t\t\t<div class=\"vc_single_image-wrapper   vc_box_border_grey\"><img class=\"vc_single_image-img \" src=\"http:\/\/www.dezibel.com.mx\/espanol\/wp-content\/uploads\/2014\/10\/www.mavellee.com-boda-en-cancun-24-400x600.jpg\" width=\"400\" height=\"600\" alt=\"www.mavellee.com-boda-en-cancun-24\" title=\"www.mavellee.com-boda-en-cancun-24\" \/><\/div>\n\t\t<\/div> \n\t<\/div> \n\t<div class=\"wpb_text_column wpb_content_element  vc_custom_1491342315489\">\n\t\t<div class=\"wpb_wrapper\">\n\t\t\t<h3 style=\"text-align: center; font-size: 20px;\">DISE\u00d1O FLORAL<\/h3>\n\n\t\t<\/div> \n\t<\/div> \n\t\t<\/div> \n\t<\/div> \n\n\t<div class=\"vc_col-sm-3 wpb_column vc_column_container  vc_custom_1469816020780\">\n\t\t<div class=\"wpb_wrapper\">\n\t\t\t\n\t<div class=\"wpb_single_image wpb_content_element vc_custom_1491341917545 vc_align_left\">\n\t\t<div class=\"wpb_wrapper\">\n\t\t\t\n\t\t\t<div class=\"vc_single_image-wrapper   vc_box_border_grey\"><img class=\"vc_single_image-img \" src=\"http:\/\/www.dezibel.com.mx\/espanol\/wp-content\/uploads\/2014\/10\/www.mavellee.com-boda-en-cancun-63-400x600.jpg\" width=\"400\" height=\"600\" alt=\"www.mavellee.com-boda-en-cancun-63\" title=\"www.mavellee.com-boda-en-cancun-63\" \/><\/div>\n\t\t<\/div> \n\t<\/div> \n\t<div class=\"wpb_text_column wpb_content_element  vc_custom_1491342342018\">\n\t\t<div class=\"wpb_wrapper\">\n\t\t\t<h3 style=\"text-align: center; font-size: 20px;\">DECORACI\u00d3N<\/h3>\n\n\t\t<\/div> \n\t<\/div> \n\t\t<\/div> \n\t<\/div> \n\n\t<div class=\"vc_col-sm-3 wpb_column vc_column_container  vc_custom_1469817467608\">\n\t\t<div class=\"wpb_wrapper\">\n\t\t\t\n\t<div class=\"wpb_single_image wpb_content_element vc_custom_1491341936228 vc_align_left\">\n\t\t<div class=\"wpb_wrapper\">\n\t\t\t\n\t\t\t<div class=\"vc_single_image-wrapper   vc_box_border_grey\"><img class=\"vc_single_image-img \" src=\"http:\/\/www.dezibel.com.mx\/espanol\/wp-content\/uploads\/2014\/10\/boda-elegante-en-cozumel-isla-en-la-playa1-400x600.jpg\" width=\"400\" height=\"600\" alt=\"boda-elegante-en-cozumel-isla-en-la-playa\" title=\"boda-elegante-en-cozumel-isla-en-la-playa\" \/><\/div>\n\t\t<\/div> \n\t<\/div> \n\t<div class=\"wpb_text_column wpb_content_element  vc_custom_1491342361029\">\n\t\t<div class=\"wpb_wrapper\">\n\t\t\t<h3 style=\"text-align: center; font-size: 20px;\">AUDIO E ILUMINACI\u00d3N<\/h3>\n\n\t\t<\/div> \n\t<\/div> \n\t\t<\/div> \n\t<\/div> \n<\/section><hr class=\"vertical-space4\">\n\t<div class=\"wpb_text_column wpb_content_element \">\n\t\t<div class=\"wpb_wrapper\">\n\t\t\t<p style=\"text-align: center;\"><a href=\"http:\/\/www.dezibel.com.mx\/wedding-and-event-services\/\" class=\"button orange  medium  \" target=\"_blank\">See all<\/a><\/p>\n\n\t\t<\/div> \n\t<\/div> <hr class=\"vertical-space4\">\n\t\t<\/div> \n\t<\/div> \n<\/div><\/div><\/section><section class=\"container\"><div class=\"row-wrapper-x\">\n","protected":false},"excerpt":{"rendered":"[rev_slider_vc alias=\"wedding-rose-slider-dez\"] BODAS Y EVENTOS Somos una agencia organizadora de eventos en Canc\u00fan, Riviera Maya y Tulum, especializados en el dise\u00f1o y \u00a0producci\u00f3n de bodas, eventos corporativos, tem\u00e1ticos y de diferentes estilos innovadores exclusivos. Video Corporativo BODAS Y EVENTOS DESTACADOS See... <br><br><a class=\"readmore\" href=\"http:\/\/www.dezibel.com.mx\/espanol\/\">Read More<\/a>","protected":false},"author":1,"featured_media":0,"parent":0,"menu_order":0,"comment_status":"open","ping_status":"closed","template":"","meta":[],"_links":{"self":[{"href":"http:\/\/www.dezibel.com.mx\/espanol\/wp-json\/wp\/v2\/pages\/6025"}],"collection":[{"href":"http:\/\/www.dezibel.com.mx\/espanol\/wp-json\/wp\/v2\/pages"}],"about":[{"href":"http:\/\/www.dezibel.com.mx\/espanol\/wp-json\/wp\/v2\/types\/page"}],"author":[{"embeddable":true,"href":"http:\/\/www.dezibel.com.mx\/espanol\/wp-json\/wp\/v2\/users\/1"}],"replies":[{"embeddable":true,"href":"http:\/\/www.dezibel.com.mx\/espanol\/wp-json\/wp\/v2\/comments?post=6025"}],"version-history":[{"count":5,"href":"http:\/\/www.dezibel.com.mx\/espanol\/wp-json\/wp\/v2\/pages\/6025\/revisions"}],"predecessor-version":[{"id":8343,"href":"http:\/\/www.dezibel.com.mx\/espanol\/wp-json\/wp\/v2\/pages\/6025\/revisions\/8343"}],"wp:attachment":[{"href":"http:\/\/www.dezibel.com.mx\/espanol\/wp-json\/wp\/v2\/media?parent=6025"}],"curies":[{"name":"wp","href":"https:\/\/api.w.org\/{rel}","templated":true}]}}